{"id":12313,"date":"2025-07-21T15:08:37","date_gmt":"2025-07-21T15:08:37","guid":{"rendered":"https:\/\/khg.squareone.digital\/product\/maxima-2\/"},"modified":"2025-07-21T15:19:21","modified_gmt":"2025-07-21T15:19:21","slug":"maxima-2","status":"publish","type":"product","link":"https:\/\/kennedy-hygiene.com\/es\/producto\/maxima-2\/","title":{"rendered":"Maxima"},"content":{"rendered":"<p>Maxima  es un dispensador de papel higi\u00e9nico con rollo de reserva ideal para lavabos muy frecuentados. Aloja cualquier rollo con di\u00e1metro central de 56-62 mm y di\u00e1metro exterior de hasta 280 mm.<\/p>\n<p>Maxima  incorpora caracter\u00edsticas inteligentes para el mantenimiento, como una protecci\u00f3n especial que autom\u00e1ticamente evita el acceso al rollo nuevo mientras no se agote el rollo en uso. Merced a esta caracter\u00edstica se puede disfrutar de un ahorro de hasta un 20%.<\/p>\n<p>Maxima  tambi\u00e9n incluye caracter\u00edsticas como una pr\u00e1ctica ventanilla de inspecci\u00f3n que muestra cu\u00e1ndo es necesario cambiar los rollos, y un sistema de freno extra\u00edble que ayuda al control de consumibles y minimiza el desperdicio de papel.<\/p>\n","protected":false},"excerpt":{"rendered":"<p>Dispensador de papel higi\u00e9nico con rollo de reserva<\/p>\n","protected":false},"featured_media":0,"comment_status":"closed","ping_status":"closed","template":"","meta":{"_acf_changed":false},"product_brand":[],"product_cat":[279,273],"product_tag":[],"class_list":{"0":"post-12313","1":"product","2":"type-product","3":"status-publish","5":"product_cat-dispensador-papel-wc-jumbo-es","6":"product_cat-papel-higienico","7":"pa_finish-chrome-es","8":"pa_finish-satin-es","9":"pa_finish-silver-es","10":"pa_finish-white-es","12":"first","13":"instock","14":"product-type-variable","15":"has-default-attributes"},"acf":[],"_links":{"self":[{"href":"https:\/\/kennedy-hygiene.com\/es\/wp-json\/wp\/v2\/product\/12313","targetHints":{"allow":["GET"]}}],"collection":[{"href":"https:\/\/kennedy-hygiene.com\/es\/wp-json\/wp\/v2\/product"}],"about":[{"href":"https:\/\/kennedy-hygiene.com\/es\/wp-json\/wp\/v2\/types\/product"}],"replies":[{"embeddable":true,"href":"https:\/\/kennedy-hygiene.com\/es\/wp-json\/wp\/v2\/comments?post=12313"}],"wp:attachment":[{"href":"https:\/\/kennedy-hygiene.com\/es\/wp-json\/wp\/v2\/media?parent=12313"}],"wp:term":[{"taxonomy":"product_brand","embeddable":true,"href":"https:\/\/kennedy-hygiene.com\/es\/wp-json\/wp\/v2\/product_brand?post=12313"},{"taxonomy":"product_cat","embeddable":true,"href":"https:\/\/kennedy-hygiene.com\/es\/wp-json\/wp\/v2\/product_cat?post=12313"},{"taxonomy":"product_tag","embeddable":true,"href":"https:\/\/kennedy-hygiene.com\/es\/wp-json\/wp\/v2\/product_tag?post=12313"}],"curies":[{"name":"wp","href":"https:\/\/api.w.org\/{rel}","templated":true}]}}