{"id":12305,"date":"2025-07-21T15:08:26","date_gmt":"2025-07-21T15:08:26","guid":{"rendered":"https:\/\/khg.squareone.digital\/product\/jumbo-2\/"},"modified":"2025-07-21T15:19:16","modified_gmt":"2025-07-21T15:19:16","slug":"jumbo-2","status":"publish","type":"product","link":"https:\/\/kennedy-hygiene.com\/es\/producto\/jumbo-2\/","title":{"rendered":"Jumbo"},"content":{"rendered":"<p>Jumbo  es un dispensador de rollo de papel higi\u00e9nico ideal para entornos desde muy frecuentados a moderadamente frecuentados. Aloja cualquier rollo con di\u00e1metro central de 56-62 mm y con di\u00e1metro exterior de hasta 280 mm.<\/p>\n<p>Se han incorporado caracter\u00edsticas como una pr\u00e1ctica ventanilla de inspecci\u00f3n para ayudar a realizar el mantenimiento a la vez que un sistema de frenos extra\u00edble permite el control de los consumibles y minimiza el desperdicio de material.<\/p>\n","protected":false},"excerpt":{"rendered":"<p>Dispensador de rollo de papel higi\u00e9nico<\/p>\n","protected":false},"featured_media":0,"comment_status":"closed","ping_status":"closed","template":"","meta":{"_acf_changed":false},"product_brand":[],"product_cat":[279,273],"product_tag":[],"class_list":{"0":"post-12305","1":"product","2":"type-product","3":"status-publish","5":"product_cat-dispensador-papel-wc-jumbo-es","6":"product_cat-papel-higienico","7":"pa_finish-white-es","8":"pa_finish-chrome-es","9":"pa_finish-obsidian-es","10":"pa_finish-satin-es","11":"pa_finish-silver-es","13":"first","14":"instock","15":"product-type-variable","16":"has-default-attributes"},"acf":[],"_links":{"self":[{"href":"https:\/\/kennedy-hygiene.com\/es\/wp-json\/wp\/v2\/product\/12305","targetHints":{"allow":["GET"]}}],"collection":[{"href":"https:\/\/kennedy-hygiene.com\/es\/wp-json\/wp\/v2\/product"}],"about":[{"href":"https:\/\/kennedy-hygiene.com\/es\/wp-json\/wp\/v2\/types\/product"}],"replies":[{"embeddable":true,"href":"https:\/\/kennedy-hygiene.com\/es\/wp-json\/wp\/v2\/comments?post=12305"}],"wp:attachment":[{"href":"https:\/\/kennedy-hygiene.com\/es\/wp-json\/wp\/v2\/media?parent=12305"}],"wp:term":[{"taxonomy":"product_brand","embeddable":true,"href":"https:\/\/kennedy-hygiene.com\/es\/wp-json\/wp\/v2\/product_brand?post=12305"},{"taxonomy":"product_cat","embeddable":true,"href":"https:\/\/kennedy-hygiene.com\/es\/wp-json\/wp\/v2\/product_cat?post=12305"},{"taxonomy":"product_tag","embeddable":true,"href":"https:\/\/kennedy-hygiene.com\/es\/wp-json\/wp\/v2\/product_tag?post=12305"}],"curies":[{"name":"wp","href":"https:\/\/api.w.org\/{rel}","templated":true}]}}