{"id":12297,"date":"2025-07-21T15:08:14","date_gmt":"2025-07-21T15:08:14","guid":{"rendered":"https:\/\/khg.squareone.digital\/product\/sigma-2\/"},"modified":"2025-07-21T15:19:08","modified_gmt":"2025-07-21T15:19:08","slug":"sigma-2","status":"publish","type":"product","link":"https:\/\/kennedy-hygiene.com\/es\/producto\/sigma-2\/","title":{"rendered":"Sigma"},"content":{"rendered":"<p>Sigma  es un dosificador de papel higi\u00e9nico de doble rollo que proporciona gran cantidad de papel en una unidad compacta y garantiza un suministro continuo. Sigma  es ideal para entornos poco y moderadamente frecuentados y aloja cualquier rollo con di\u00e1metro central entre 28 y 45 mm y con di\u00e1metro exterior de hasta 140 mm. La unidad presenta caracter\u00edsticas inteligentes para el mantenimiento, como una protecci\u00f3n especial que autom\u00e1ticamente evita el acceso al rollo nuevo mientras no se agote el rollo en uso, reduciendo por tanto el consumo de papel.<\/p>\n<p>Sigma  tambi\u00e9n incluye una pr\u00e1ctica ventanilla de inspecci\u00f3n que muestra cu\u00e1ndo es necesario cambiar los rollos, y un sistema de freno extra\u00edble que ayuda al control de consumibles y minimiza el desperdicio de papel.<\/p>\n","protected":false},"excerpt":{"rendered":"<p>Dosificador de papel higi\u00e9nico de doble rollo<\/p>\n","protected":false},"featured_media":0,"comment_status":"closed","ping_status":"closed","template":"","meta":{"_acf_changed":false},"product_brand":[],"product_cat":[325,273],"product_tag":[],"class_list":{"0":"post-12297","1":"product","2":"type-product","3":"status-publish","5":"product_cat-dispensador-doble-rollo","6":"product_cat-papel-higienico","7":"pa_finish-chrome-es","8":"pa_finish-obsidian-es","9":"pa_finish-silver-es","10":"pa_finish-white-es","12":"first","13":"instock","14":"product-type-variable","15":"has-default-attributes"},"acf":[],"_links":{"self":[{"href":"https:\/\/kennedy-hygiene.com\/es\/wp-json\/wp\/v2\/product\/12297","targetHints":{"allow":["GET"]}}],"collection":[{"href":"https:\/\/kennedy-hygiene.com\/es\/wp-json\/wp\/v2\/product"}],"about":[{"href":"https:\/\/kennedy-hygiene.com\/es\/wp-json\/wp\/v2\/types\/product"}],"replies":[{"embeddable":true,"href":"https:\/\/kennedy-hygiene.com\/es\/wp-json\/wp\/v2\/comments?post=12297"}],"wp:attachment":[{"href":"https:\/\/kennedy-hygiene.com\/es\/wp-json\/wp\/v2\/media?parent=12297"}],"wp:term":[{"taxonomy":"product_brand","embeddable":true,"href":"https:\/\/kennedy-hygiene.com\/es\/wp-json\/wp\/v2\/product_brand?post=12297"},{"taxonomy":"product_cat","embeddable":true,"href":"https:\/\/kennedy-hygiene.com\/es\/wp-json\/wp\/v2\/product_cat?post=12297"},{"taxonomy":"product_tag","embeddable":true,"href":"https:\/\/kennedy-hygiene.com\/es\/wp-json\/wp\/v2\/product_tag?post=12297"}],"curies":[{"name":"wp","href":"https:\/\/api.w.org\/{rel}","templated":true}]}}