{"id":12289,"date":"2025-07-21T15:07:49","date_gmt":"2025-07-21T15:07:49","guid":{"rendered":"https:\/\/khg.squareone.digital\/product\/savona-wopa-2\/"},"modified":"2025-07-21T15:19:02","modified_gmt":"2025-07-21T15:19:02","slug":"savona-wopa-2","status":"publish","type":"product","link":"https:\/\/kennedy-hygiene.com\/es\/producto\/savona-wopa-2\/","title":{"rendered":"Savona Wopa"},"content":{"rendered":"<p>Savona Wopa es el dosificador de jab\u00f3n de gran capacidad de Kennedy. El dosificador de 2,5 litros est\u00e1 disponible en cartucho y relleno directo y es adecuado para todos los entornos de lavado de manos. Creado para facilitar el mantenimiento, el dosificador es resistente y fiable a la vez que ofrece caracter\u00edsticas como la cubierta de inspecci\u00f3n transparente y una cubierta con bisagras para permitir al t\u00e9cnico un manejo c\u00f3modo. El dosificador tambi\u00e9n ha sido dise\u00f1ado para que funcione con una dosis peque\u00f1a para permitir el control de costes.<\/p>\n<p>Savona Wopa tiene un atractivo dise\u00f1o cl\u00e1sico gracias al cual se adapta tanto a ambientes est\u00e1ndares como lujosos. Est\u00e1 disponible con una gran gama de consumibles para aplicaciones comerciales e industriales.<\/p>\n","protected":false},"excerpt":{"rendered":"<p>Dosificador de jab\u00f3n de gran capacidad<\/p>\n","protected":false},"featured_media":0,"comment_status":"closed","ping_status":"closed","template":"","meta":{"_acf_changed":false},"product_brand":[],"product_cat":[293,289],"product_tag":[],"class_list":{"0":"post-12289","1":"product","2":"type-product","3":"status-publish","5":"product_cat-dosificadores-de-jabon","6":"product_cat-lavado-de-manos","7":"pa_finish-white-es","9":"first","10":"instock","11":"product-type-variable","12":"has-default-attributes"},"acf":[],"_links":{"self":[{"href":"https:\/\/kennedy-hygiene.com\/es\/wp-json\/wp\/v2\/product\/12289","targetHints":{"allow":["GET"]}}],"collection":[{"href":"https:\/\/kennedy-hygiene.com\/es\/wp-json\/wp\/v2\/product"}],"about":[{"href":"https:\/\/kennedy-hygiene.com\/es\/wp-json\/wp\/v2\/types\/product"}],"replies":[{"embeddable":true,"href":"https:\/\/kennedy-hygiene.com\/es\/wp-json\/wp\/v2\/comments?post=12289"}],"wp:attachment":[{"href":"https:\/\/kennedy-hygiene.com\/es\/wp-json\/wp\/v2\/media?parent=12289"}],"wp:term":[{"taxonomy":"product_brand","embeddable":true,"href":"https:\/\/kennedy-hygiene.com\/es\/wp-json\/wp\/v2\/product_brand?post=12289"},{"taxonomy":"product_cat","embeddable":true,"href":"https:\/\/kennedy-hygiene.com\/es\/wp-json\/wp\/v2\/product_cat?post=12289"},{"taxonomy":"product_tag","embeddable":true,"href":"https:\/\/kennedy-hygiene.com\/es\/wp-json\/wp\/v2\/product_tag?post=12289"}],"curies":[{"name":"wp","href":"https:\/\/api.w.org\/{rel}","templated":true}]}}