{"id":12035,"date":"2025-07-21T14:41:09","date_gmt":"2025-07-21T14:41:09","guid":{"rendered":"https:\/\/khg.squareone.digital\/product\/savona-foam-2\/"},"modified":"2025-07-21T14:50:16","modified_gmt":"2025-07-21T14:50:16","slug":"savona-foam-2","status":"publish","type":"product","link":"https:\/\/kennedy-hygiene.com\/es\/producto\/savona-foam-2\/","title":{"rendered":"Savona Foam"},"content":{"rendered":"<p>El dosificador de jab\u00f3n Savona Foam  proporciona un gran volumen de espuma en una sola dosis, lo que hace de \u00e9l una elecci\u00f3n ultra econ\u00f3mica para el lavado de manos. Dise\u00f1ado para todos los entornos de lavado de manos, el dosificador tiene un cartucho de dosis de 800\/2000 ml e presenta numerosas caracter\u00edsticas que facilitan el mantenimiento.<\/p>\n<p>Tal como sugiere su nombre (foam: espuma en ingl\u00e9s), este dosificador de jab\u00f3n ha sido dise\u00f1ado para suministrar s\u00f3lo jab\u00f3n de espuma.<\/p>\n","protected":false},"excerpt":{"rendered":"<p>Dosificador de jab\u00f3n de espuma con dosis ultra econ\u00f3mica<\/p>\n","protected":false},"featured_media":0,"comment_status":"closed","ping_status":"closed","template":"","meta":{"_acf_changed":false},"product_brand":[],"product_cat":[289,303],"product_tag":[],"class_list":{"0":"post-12035","1":"product","2":"type-product","3":"status-publish","5":"product_cat-lavado-de-manos","6":"product_cat-dosificadores-de-jabon-de-espuma","7":"pa_finish-silver-es","8":"pa_finish-white-es","9":"pa_finish-chrome-es","10":"pa_finish-obsidian-es","11":"pa_finish-satin-es","13":"first","14":"instock","15":"product-type-variable","16":"has-default-attributes"},"acf":[],"_links":{"self":[{"href":"https:\/\/kennedy-hygiene.com\/es\/wp-json\/wp\/v2\/product\/12035","targetHints":{"allow":["GET"]}}],"collection":[{"href":"https:\/\/kennedy-hygiene.com\/es\/wp-json\/wp\/v2\/product"}],"about":[{"href":"https:\/\/kennedy-hygiene.com\/es\/wp-json\/wp\/v2\/types\/product"}],"replies":[{"embeddable":true,"href":"https:\/\/kennedy-hygiene.com\/es\/wp-json\/wp\/v2\/comments?post=12035"}],"wp:attachment":[{"href":"https:\/\/kennedy-hygiene.com\/es\/wp-json\/wp\/v2\/media?parent=12035"}],"wp:term":[{"taxonomy":"product_brand","embeddable":true,"href":"https:\/\/kennedy-hygiene.com\/es\/wp-json\/wp\/v2\/product_brand?post=12035"},{"taxonomy":"product_cat","embeddable":true,"href":"https:\/\/kennedy-hygiene.com\/es\/wp-json\/wp\/v2\/product_cat?post=12035"},{"taxonomy":"product_tag","embeddable":true,"href":"https:\/\/kennedy-hygiene.com\/es\/wp-json\/wp\/v2\/product_tag?post=12035"}],"curies":[{"name":"wp","href":"https:\/\/api.w.org\/{rel}","templated":true}]}}