{"id":12025,"date":"2025-07-21T14:40:50","date_gmt":"2025-07-21T14:40:50","guid":{"rendered":"https:\/\/khg.squareone.digital\/product\/savona-2\/"},"modified":"2025-07-21T14:50:12","modified_gmt":"2025-07-21T14:50:12","slug":"savona-2","status":"publish","type":"product","link":"https:\/\/kennedy-hygiene.com\/es\/producto\/savona-2\/","title":{"rendered":"Savona"},"content":{"rendered":"<p>Savona  es un pr\u00e1ctico dosificador de jab\u00f3n l\u00edquido con dise\u00f1o cl\u00e1sico para todos los entornos de la limpieza de manos. El dosificador de jab\u00f3n de 1 litro est\u00e1 disponible en cartucho y en relleno directo y est\u00e1 hecho especialmente para facilitar el mantenimiento. Robusto y fiable, goza de grandes caracter\u00edsticas tanto para el mantenimiento como para la higiene.<\/p>\n<p>Savona  est\u00e1 disponible en la gama completa de acabados Kennedy y puede usarse con una amplia gama de consumibles, desde jabones normales, cosm\u00e9ticos y antibacterianos hasta gel desinfectante.<\/p>\n","protected":false},"excerpt":{"rendered":"<p>Dosificador de jab\u00f3n l\u00edquido elegante y resistente<\/p>\n","protected":false},"featured_media":0,"comment_status":"closed","ping_status":"closed","template":"","meta":{"_acf_changed":false},"product_brand":[],"product_cat":[293,289],"product_tag":[],"class_list":{"0":"post-12025","1":"product","2":"type-product","3":"status-publish","5":"product_cat-dosificadores-de-jabon","6":"product_cat-lavado-de-manos","7":"pa_finish-chrome-es","8":"pa_finish-obsidian-es","9":"pa_finish-satin-es","10":"pa_finish-silver-es","11":"pa_finish-white-es","13":"first","14":"instock","15":"product-type-variable","16":"has-default-attributes"},"acf":[],"_links":{"self":[{"href":"https:\/\/kennedy-hygiene.com\/es\/wp-json\/wp\/v2\/product\/12025","targetHints":{"allow":["GET"]}}],"collection":[{"href":"https:\/\/kennedy-hygiene.com\/es\/wp-json\/wp\/v2\/product"}],"about":[{"href":"https:\/\/kennedy-hygiene.com\/es\/wp-json\/wp\/v2\/types\/product"}],"replies":[{"embeddable":true,"href":"https:\/\/kennedy-hygiene.com\/es\/wp-json\/wp\/v2\/comments?post=12025"}],"wp:attachment":[{"href":"https:\/\/kennedy-hygiene.com\/es\/wp-json\/wp\/v2\/media?parent=12025"}],"wp:term":[{"taxonomy":"product_brand","embeddable":true,"href":"https:\/\/kennedy-hygiene.com\/es\/wp-json\/wp\/v2\/product_brand?post=12025"},{"taxonomy":"product_cat","embeddable":true,"href":"https:\/\/kennedy-hygiene.com\/es\/wp-json\/wp\/v2\/product_cat?post=12025"},{"taxonomy":"product_tag","embeddable":true,"href":"https:\/\/kennedy-hygiene.com\/es\/wp-json\/wp\/v2\/product_tag?post=12025"}],"curies":[{"name":"wp","href":"https:\/\/api.w.org\/{rel}","templated":true}]}}