{"id":12017,"date":"2025-07-21T14:40:33","date_gmt":"2025-07-21T14:40:33","guid":{"rendered":"https:\/\/khg.squareone.digital\/product\/easyroll-2\/"},"modified":"2025-07-21T14:50:04","modified_gmt":"2025-07-21T14:50:04","slug":"easyroll-2","status":"publish","type":"product","link":"https:\/\/kennedy-hygiene.com\/es\/producto\/easyroll-2\/","title":{"rendered":"Easyroll"},"content":{"rendered":"<p>Easyroll  es un dispensador de bobinas de papel para aseo, cocina y negocios de hosteler\u00eda. La unidad admite cualquier bobina de papel con un di\u00e1metro de 210 mm y 230 mm de ancho. Easyroll  lleva incorporado un anillo tensor patentado que se puede ajustar para poder utilizar papel de diferente espesor y dispensarlo de manera controlada.<\/p>\n<p>Easyroll  viene con una cubierta transl\u00facida que permite ver el nivel de papel. Adem\u00e1s, es resistente al agua y al polvo para mantener el papel seco y limpio. La unidad se puede cerrar con una llave est\u00e1ndar Kennedy o se puede convertir para permitir su apertura sin llave utilizando un pomo que viene incluido con el producto.<\/p>\n","protected":false},"excerpt":{"rendered":"<p>Dispensador para Bobina de Alimentaci\u00f3n Central<\/p>\n","protected":false},"featured_media":0,"comment_status":"closed","ping_status":"closed","template":"","meta":{"_acf_changed":false},"product_brand":[],"product_cat":[235,229],"product_tag":[],"class_list":{"0":"post-12017","1":"product","2":"type-product","3":"status-publish","5":"product_cat-dispensadores-de-toallitas","6":"product_cat-secado-de-manos-es","7":"pa_finish-white-es","9":"first","10":"instock","11":"product-type-variable","12":"has-default-attributes"},"acf":[],"_links":{"self":[{"href":"https:\/\/kennedy-hygiene.com\/es\/wp-json\/wp\/v2\/product\/12017","targetHints":{"allow":["GET"]}}],"collection":[{"href":"https:\/\/kennedy-hygiene.com\/es\/wp-json\/wp\/v2\/product"}],"about":[{"href":"https:\/\/kennedy-hygiene.com\/es\/wp-json\/wp\/v2\/types\/product"}],"replies":[{"embeddable":true,"href":"https:\/\/kennedy-hygiene.com\/es\/wp-json\/wp\/v2\/comments?post=12017"}],"wp:attachment":[{"href":"https:\/\/kennedy-hygiene.com\/es\/wp-json\/wp\/v2\/media?parent=12017"}],"wp:term":[{"taxonomy":"product_brand","embeddable":true,"href":"https:\/\/kennedy-hygiene.com\/es\/wp-json\/wp\/v2\/product_brand?post=12017"},{"taxonomy":"product_cat","embeddable":true,"href":"https:\/\/kennedy-hygiene.com\/es\/wp-json\/wp\/v2\/product_cat?post=12017"},{"taxonomy":"product_tag","embeddable":true,"href":"https:\/\/kennedy-hygiene.com\/es\/wp-json\/wp\/v2\/product_tag?post=12017"}],"curies":[{"name":"wp","href":"https:\/\/api.w.org\/{rel}","templated":true}]}}