{"id":11993,"date":"2025-07-21T14:39:21","date_gmt":"2025-07-21T14:39:21","guid":{"rendered":"https:\/\/khg.squareone.digital\/product\/tekna-2\/"},"modified":"2025-07-21T14:49:45","modified_gmt":"2025-07-21T14:49:45","slug":"tekna-2","status":"publish","type":"product","link":"https:\/\/kennedy-hygiene.com\/es\/producto\/tekna-2\/","title":{"rendered":"Tekna"},"content":{"rendered":"<p>Tekna  es la soluci\u00f3n de secado de manos con rollo de toalla de algod\u00f3n m\u00e1s avanzada que hay disponible. Proporciona beneficios insuperables para la higiene, el mantenimiento y el medioambiente, mientras ofrece al usuario un secado de manos \u00abtan confortable como en casa\u00bb.<\/p>\n<p>Tekna  ofrece una retracci\u00f3n autom\u00e1tica de cada porci\u00f3n de toalla que se usa as\u00ed como del extremo de la toalla y suministra 200 porciones de tela limpia de una toalla est\u00e1ndar de 40 m.<\/p>\n<p>Este sistema tambi\u00e9n ayuda a cuidar el medioambiente ya que combina un gabinete para toalla respetuoso con el medioambiente con la toalla de algod\u00f3n, un consumible biodegradable natural.<\/p>\n","protected":false},"excerpt":{"rendered":"<p>Gabinete para rollo de toalla de algod\u00f3n retr\u00e1ctil mec\u00e1nico<\/p>\n","protected":false},"featured_media":0,"comment_status":"closed","ping_status":"closed","template":"","meta":{"_acf_changed":false},"product_brand":[],"product_cat":[229,255],"product_tag":[],"class_list":{"0":"post-11993","1":"product","2":"type-product","3":"status-publish","5":"product_cat-secado-de-manos-es","6":"product_cat-gabinetes-toallas-algodon-es","7":"pa_finish-chrome-es","8":"pa_finish-silver-es","9":"pa_finish-white-es","11":"first","12":"instock","13":"product-type-variable","14":"has-default-attributes"},"acf":[],"_links":{"self":[{"href":"https:\/\/kennedy-hygiene.com\/es\/wp-json\/wp\/v2\/product\/11993","targetHints":{"allow":["GET"]}}],"collection":[{"href":"https:\/\/kennedy-hygiene.com\/es\/wp-json\/wp\/v2\/product"}],"about":[{"href":"https:\/\/kennedy-hygiene.com\/es\/wp-json\/wp\/v2\/types\/product"}],"replies":[{"embeddable":true,"href":"https:\/\/kennedy-hygiene.com\/es\/wp-json\/wp\/v2\/comments?post=11993"}],"wp:attachment":[{"href":"https:\/\/kennedy-hygiene.com\/es\/wp-json\/wp\/v2\/media?parent=11993"}],"wp:term":[{"taxonomy":"product_brand","embeddable":true,"href":"https:\/\/kennedy-hygiene.com\/es\/wp-json\/wp\/v2\/product_brand?post=11993"},{"taxonomy":"product_cat","embeddable":true,"href":"https:\/\/kennedy-hygiene.com\/es\/wp-json\/wp\/v2\/product_cat?post=11993"},{"taxonomy":"product_tag","embeddable":true,"href":"https:\/\/kennedy-hygiene.com\/es\/wp-json\/wp\/v2\/product_tag?post=11993"}],"curies":[{"name":"wp","href":"https:\/\/api.w.org\/{rel}","templated":true}]}}