{"id":11977,"date":"2025-07-21T14:38:46","date_gmt":"2025-07-21T14:38:46","guid":{"rendered":"https:\/\/khg.squareone.digital\/product\/integra-stainless-steel-2\/"},"modified":"2025-07-21T14:49:25","modified_gmt":"2025-07-21T14:49:25","slug":"integra-stainless-steel-2","status":"publish","type":"product","link":"https:\/\/kennedy-hygiene.com\/es\/producto\/integra-stainless-steel-2\/","title":{"rendered":"Integra Stainless Steel"},"content":{"rendered":"<p>Integra es el gabinete para rollo de toalla de algod\u00f3n Kennedy m\u00e1s vendido. Ideal incluso para los lavabos m\u00e1s frecuentados, se trata de un sistema de secado de manos muy robusto y fiable. Integra proporciona beneficios para la higiene, el mantenimiento y el medioambiente, a la vez que ofrece al usuario final un secado de manos \u00abtan confortable como en casa\u00bb.<\/p>\n<p>La toalla de algod\u00f3n, que es el consumible usado con Integra, es un producto biodegradable que hace de este sistema una elecci\u00f3n positiva para el medioambiente.<\/p>\n<p>Este gabinete suministra 200 porciones de toalla limpia de una toalla est\u00e1ndar de 40m. Est\u00e1 disponible en la gama completa de acabados Kennedy y tambi\u00e9n puede fabricarse con una cubierta de acero inoxidable a prueba de actos vand\u00e1licos.<\/p>\n","protected":false},"excerpt":{"rendered":"<p>El gabinete para rollo de toalla de algod\u00f3n m\u00e1s vendido<\/p>\n","protected":false},"featured_media":0,"comment_status":"closed","ping_status":"closed","template":"","meta":{"_acf_changed":false},"product_brand":[],"product_cat":[681],"product_tag":[],"class_list":{"0":"post-11977","1":"product","2":"type-product","3":"status-publish","5":"product_cat-uncategorized","6":"pa_finish-stainless-steel-es","8":"first","9":"instock","10":"product-type-variable","11":"has-default-attributes"},"acf":[],"_links":{"self":[{"href":"https:\/\/kennedy-hygiene.com\/es\/wp-json\/wp\/v2\/product\/11977","targetHints":{"allow":["GET"]}}],"collection":[{"href":"https:\/\/kennedy-hygiene.com\/es\/wp-json\/wp\/v2\/product"}],"about":[{"href":"https:\/\/kennedy-hygiene.com\/es\/wp-json\/wp\/v2\/types\/product"}],"replies":[{"embeddable":true,"href":"https:\/\/kennedy-hygiene.com\/es\/wp-json\/wp\/v2\/comments?post=11977"}],"wp:attachment":[{"href":"https:\/\/kennedy-hygiene.com\/es\/wp-json\/wp\/v2\/media?parent=11977"}],"wp:term":[{"taxonomy":"product_brand","embeddable":true,"href":"https:\/\/kennedy-hygiene.com\/es\/wp-json\/wp\/v2\/product_brand?post=11977"},{"taxonomy":"product_cat","embeddable":true,"href":"https:\/\/kennedy-hygiene.com\/es\/wp-json\/wp\/v2\/product_cat?post=11977"},{"taxonomy":"product_tag","embeddable":true,"href":"https:\/\/kennedy-hygiene.com\/es\/wp-json\/wp\/v2\/product_tag?post=11977"}],"curies":[{"name":"wp","href":"https:\/\/api.w.org\/{rel}","templated":true}]}}