{"id":1179,"date":"2025-05-28T16:58:30","date_gmt":"2025-05-28T16:58:30","guid":{"rendered":"https:\/\/khg.squareone.digital\/?page_id=1179"},"modified":"2025-06-12T16:28:16","modified_gmt":"2025-06-12T16:28:16","slug":"terminos-y-condiciones","status":"publish","type":"page","link":"https:\/\/kennedy-hygiene.com\/es\/terminos-y-condiciones\/","title":{"rendered":"Condiciones de uso"},"content":{"rendered":"\n<h2 class=\"wp-block-heading\">Al acceder a este sitio, usted acepta los siguientes t\u00e9rminos y condiciones y otras leyes aplicables. Si no est\u00e1 de acuerdo con los t\u00e9rminos y condiciones, no utilice este sitio.<\/h2>\n\n\n\n<p>Toda la informaci\u00f3n y el material proporcionados en este sitio web son \u00fanicamente con fines ilustrativos. No se pretende y no crea ninguna relaci\u00f3n comercial, contractual o de empleo con Kennedy Hygiene Products.<\/p>\n\n\n\n<p>Toda la informaci\u00f3n, el contenido, el texto, las im\u00e1genes, incluyendo la fotograf\u00eda y los botones es propiedad de Kennedy Hygiene Products Ltd y no puede ser copiado, reproducido, republicado, publicado, transmitido o distribuido de ninguna manera sin nuestro consentimiento expreso, previo y por escrito .<\/p>\n\n\n\n<p>Todas las marcas comerciales utilizadas o mencionadas en este sitio son propiedad de sus respectivos propietarios.<\/p>\n\n\n\n<p>La informaci\u00f3n de este sitio se proporciona de forma gratuita y con fines informativos. No crea una relaci\u00f3n de negocios, empleo o servicios profesionales entre usted y Kennedy Hygiene Products. Los enlaces en este sitio pueden llevar a servicios o sitios no operados por Kennedy Hygiene Products Ltd o las compa\u00f1\u00edas de productos de higiene Kennedy. Ning\u00fan juicio o garant\u00eda se hace con respecto a tales otros servicios o sitios y Kennedy Hygiene Products Ltd no se hace responsable de tales otros sitios o servicios. Un enlace a otro sitio o servicio no es un endoso de ese sitio o servicio. Cualquier uso que haga de la informaci\u00f3n proporcionada en este sitio, o cualquier sitio o servicio enlazado por este sitio, es bajo su propio riesgo.<\/p>\n\n\n\n<p>Este sitio se proporciona \u201ctal cual\u201d y Kennedy Hygiene Products renuncia expresamente a todas las garant\u00edas de cualquier tipo, ya sean expresas o impl\u00edcitas, incluidas las garant\u00edas de comerciabilidad y aptitud para un prop\u00f3sito particular.<\/p>\n\n\n\n<p>En ning\u00fan caso, Kennedy Hygiene Products o cualquiera de sus empleados o contratistas ser\u00e1 responsable de cualquier da\u00f1o en relaci\u00f3n con la informaci\u00f3n o material de este sitio web, incluyendo pero no limitado a real, consecuencial, directo, ejemplar, incidental, indirecto, punitivo O da\u00f1os especiales.<\/p>\n\n\n\n<p>\u201cKennedy\u201d, \u201cKennedy Hygiene\u201d, \u201cKennedy Hygiene Products\u201d y el logotipo de Kennedy son marcas comerciales de Kennedy Hygiene Products Ltd.<\/p>\n","protected":false},"excerpt":{"rendered":"<p>Al acceder a este sitio, usted acepta los siguientes t\u00e9rminos y condiciones y otras leyes aplicables. Si no est\u00e1 de acuerdo con los t\u00e9rminos y condiciones, no utilice este sitio. Toda la informaci\u00f3n y el material proporcionados en este sitio web son \u00fanicamente con fines ilustrativos. No se pretende y no crea ninguna relaci\u00f3n comercial,<a class=\"excerpt-read-more\" href=\"https:\/\/kennedy-hygiene.com\/es\/terminos-y-condiciones\/\" title=\"ReadCondiciones de uso\">&#8230; Read more &raquo;<\/a><\/p>\n","protected":false},"author":3,"featured_media":0,"parent":0,"menu_order":0,"comment_status":"closed","ping_status":"closed","template":"","meta":{"_acf_changed":false,"footnotes":""},"class_list":["post-1179","page","type-page","status-publish","hentry"],"acf":[],"_links":{"self":[{"href":"https:\/\/kennedy-hygiene.com\/es\/wp-json\/wp\/v2\/pages\/1179","targetHints":{"allow":["GET"]}}],"collection":[{"href":"https:\/\/kennedy-hygiene.com\/es\/wp-json\/wp\/v2\/pages"}],"about":[{"href":"https:\/\/kennedy-hygiene.com\/es\/wp-json\/wp\/v2\/types\/page"}],"author":[{"embeddable":true,"href":"https:\/\/kennedy-hygiene.com\/es\/wp-json\/wp\/v2\/users\/3"}],"replies":[{"embeddable":true,"href":"https:\/\/kennedy-hygiene.com\/es\/wp-json\/wp\/v2\/comments?post=1179"}],"version-history":[{"count":2,"href":"https:\/\/kennedy-hygiene.com\/es\/wp-json\/wp\/v2\/pages\/1179\/revisions"}],"predecessor-version":[{"id":1841,"href":"https:\/\/kennedy-hygiene.com\/es\/wp-json\/wp\/v2\/pages\/1179\/revisions\/1841"}],"wp:attachment":[{"href":"https:\/\/kennedy-hygiene.com\/es\/wp-json\/wp\/v2\/media?parent=1179"}],"curies":[{"name":"wp","href":"https:\/\/api.w.org\/{rel}","templated":true}]}}