{"id":16761,"date":"2026-02-11T10:48:05","date_gmt":"2026-02-11T10:48:05","guid":{"rendered":"https:\/\/khg.squareone.digital\/?post_type=product&#038;p=16761"},"modified":"2026-03-13T15:56:19","modified_gmt":"2026-03-13T15:56:19","slug":"pod-v4","status":"publish","type":"product","link":"https:\/\/kennedy-hygiene.com\/de\/produkt\/pod-v4\/","title":{"rendered":"Pod V4"},"content":{"rendered":"<p>Der Pod V4 ist ein mechanisch betriebener Papierhandtuchspender, der f\u00fcr optimale Leistung und maximale Hygiene entwickelt wurde. Er ist f\u00fcr den zuverl\u00e4ssigen Einsatz mit einer Vielzahl von Papierqualit\u00e4ten und Rollenmarken ausgelegt \u2013 von hochwertigen Premiumrollen bis hin zu kosteneffizienten Alternativen \u2013 und gew\u00e4hrleistet jederzeit eine gleichm\u00e4\u00dfige, zuverl\u00e4ssige Ausgabe.<\/p>\n<div>\n<p>Der Pod V4 gibt ein einzelnes Blatt mit einer L\u00e4nge von <strong>25\u202fcm<\/strong> aus und sorgt so f\u00fcr h\u00f6chste Hygienestandards. Die automatische Papiernachf\u00fchrung sowie das kompakte, moderne Design gew\u00e4hrleisten bei jeder Ausgabe einen sauberen, gleichm\u00e4\u00dfigen Abriss.<\/p>\n<p>Gefertigt aus robustem ABS und technischen Thermoplasten bietet der Spender eine hohe Langlebigkeit und langfristige Zuverl\u00e4ssigkeit. Der Zugang erfolgt kontrolliert \u00fcber den universellen <strong>Kennedy\u2011Sicherheitsschl\u00fcssel<\/strong>.<\/p>\n<p>Die Wartung ist schnell und intuitiv: Die transparente Abdeckung erm\u00f6glicht eine einfache F\u00fcllstandskontrolle, w\u00e4hrend klare interne Ladehinweise den Rollenwechsel erleichtern.<\/p>\n<p>Der Spender ist kompatibel mit H\u00fclsendurchmessern von <strong>38\u201345\u202fmm<\/strong>, Rollenbreiten von <strong>190\u2013195\u202fmm<\/strong>, einem maximalen Rollendurchmesser von <strong>190\u202fmm<\/strong> sowie einem Rollengewicht von bis zu <strong>1,15\u202fkg<\/strong>. Optional ist ein verstellbarer Dorn (<strong>18\u201321\u202fcm<\/strong>) erh\u00e4ltlich.<\/p>\n<p><strong>Geh\u00e4use gem\u00e4\u00df den lokalen Vorschriften recycelbar.<\/strong><\/p>\n<\/div>\n","protected":false},"excerpt":{"rendered":"<p>Der Pod V4 ist ein mechanisch betriebener Papierhandtuchspender, der f\u00fcr optimale Leistung und maximale Hygiene entwickelt wurde. Er ist f\u00fcr den zuverl\u00e4ssigen Einsatz mit einer Vielzahl von Papierqualit\u00e4ten und Rollenmarken ausgelegt \u2013 von hochwertigen Premiumrollen bis hin zu kosteneffizienten Alternativen \u2013 und gew\u00e4hrleistet jederzeit eine gleichm\u00e4\u00dfige, zuverl\u00e4ssige Ausgabe. Der Pod V4 gibt ein einzelnes Blatt<a class=\"excerpt-read-more\" href=\"https:\/\/kennedy-hygiene.com\/de\/produkt\/pod-v4\/\" title=\"ReadPod V4\">&#8230; Read more &raquo;<\/a><\/p>\n","protected":false},"featured_media":0,"comment_status":"closed","ping_status":"closed","template":"","meta":{"_acf_changed":false},"product_brand":[],"product_cat":[225,231],"product_tag":[],"class_list":{"0":"post-16761","1":"product","2":"type-product","3":"status-publish","5":"product_cat-haendetrocknen","6":"product_cat-papierhandtuchspender","7":"pa_finish-chrome-de","8":"pa_finish-obsidian-de","9":"pa_finish-silver-de","10":"pa_finish-white-de","12":"first","13":"instock","14":"shipping-taxable","15":"product-type-variable","16":"has-default-attributes"},"acf":[],"_links":{"self":[{"href":"https:\/\/kennedy-hygiene.com\/de\/wp-json\/wp\/v2\/product\/16761","targetHints":{"allow":["GET"]}}],"collection":[{"href":"https:\/\/kennedy-hygiene.com\/de\/wp-json\/wp\/v2\/product"}],"about":[{"href":"https:\/\/kennedy-hygiene.com\/de\/wp-json\/wp\/v2\/types\/product"}],"replies":[{"embeddable":true,"href":"https:\/\/kennedy-hygiene.com\/de\/wp-json\/wp\/v2\/comments?post=16761"}],"wp:attachment":[{"href":"https:\/\/kennedy-hygiene.com\/de\/wp-json\/wp\/v2\/media?parent=16761"}],"wp:term":[{"taxonomy":"product_brand","embeddable":true,"href":"https:\/\/kennedy-hygiene.com\/de\/wp-json\/wp\/v2\/product_brand?post=16761"},{"taxonomy":"product_cat","embeddable":true,"href":"https:\/\/kennedy-hygiene.com\/de\/wp-json\/wp\/v2\/product_cat?post=16761"},{"taxonomy":"product_tag","embeddable":true,"href":"https:\/\/kennedy-hygiene.com\/de\/wp-json\/wp\/v2\/product_tag?post=16761"}],"curies":[{"name":"wp","href":"https:\/\/api.w.org\/{rel}","templated":true}]}}