{"id":15051,"date":"2026-02-25T18:09:20","date_gmt":"2026-02-25T18:09:20","guid":{"rendered":"https:\/\/khg.squareone.digital\/product\/verbrauchsmaterialien-fur-ladybin\/"},"modified":"2026-02-25T18:28:09","modified_gmt":"2026-02-25T18:28:09","slug":"verbrauchsmaterialien-fur-ladybin","status":"publish","type":"product","link":"https:\/\/kennedy-hygiene.com\/de\/produkt\/verbrauchsmaterialien-fur-ladybin\/","title":{"rendered":"Verbrauchsmaterialien f\u00fcr Ladybin"},"content":{"rendered":"<p>Der schwarze Schutzdeckeleinsatz von Kennedy ist f\u00fcr alle Hygienebeh\u00e4lter geeignet Ladybin.<\/p>\n<p>Pro Karton gibt es 200 Eins\u00e4tze.<\/p>\n<li>Passt in alle Ladybin.\n<li>Sch\u00fctzt vor Verschmutzungen\n<li>Unterst\u00fctzt einen superschnellen und hygienischen Service.<br \/>\n","protected":false},"excerpt":{"rendered":"<p>Der schwarze Schutzdeckeleinsatz von Kennedy ist f\u00fcr alle Hygienebeh\u00e4lter geeignet Ladybin. Pro Karton gibt es 200 Eins\u00e4tze. Passt in alle Ladybin. Sch\u00fctzt vor Verschmutzungen Unterst\u00fctzt einen superschnellen und hygienischen Service.<\/p>\n","protected":false},"featured_media":2591,"comment_status":"closed","ping_status":"closed","template":"","meta":{"_acf_changed":false},"product_brand":[],"product_cat":[911,933,257],"product_tag":[],"class_list":{"0":"post-15051","1":"product","2":"type-product","3":"status-publish","4":"has-post-thumbnail","6":"product_cat-sanitare-entsorgung-verbrauchsmaterialien","7":"product_cat-verbrauchsmaterialien","8":"product_cat-sanitaere-entsorgung","10":"first","11":"instock","12":"product-type-simple"},"acf":[],"_links":{"self":[{"href":"https:\/\/kennedy-hygiene.com\/de\/wp-json\/wp\/v2\/product\/15051","targetHints":{"allow":["GET"]}}],"collection":[{"href":"https:\/\/kennedy-hygiene.com\/de\/wp-json\/wp\/v2\/product"}],"about":[{"href":"https:\/\/kennedy-hygiene.com\/de\/wp-json\/wp\/v2\/types\/product"}],"replies":[{"embeddable":true,"href":"https:\/\/kennedy-hygiene.com\/de\/wp-json\/wp\/v2\/comments?post=15051"}],"wp:featuredmedia":[{"embeddable":true,"href":"https:\/\/kennedy-hygiene.com\/de\/wp-json\/wp\/v2\/media\/2591"}],"wp:attachment":[{"href":"https:\/\/kennedy-hygiene.com\/de\/wp-json\/wp\/v2\/media?parent=15051"}],"wp:term":[{"taxonomy":"product_brand","embeddable":true,"href":"https:\/\/kennedy-hygiene.com\/de\/wp-json\/wp\/v2\/product_brand?post=15051"},{"taxonomy":"product_cat","embeddable":true,"href":"https:\/\/kennedy-hygiene.com\/de\/wp-json\/wp\/v2\/product_cat?post=15051"},{"taxonomy":"product_tag","embeddable":true,"href":"https:\/\/kennedy-hygiene.com\/de\/wp-json\/wp\/v2\/product_tag?post=15051"}],"curies":[{"name":"wp","href":"https:\/\/api.w.org\/{rel}","templated":true}]}}