{"id":15047,"date":"2026-02-25T18:09:15","date_gmt":"2026-02-25T18:09:15","guid":{"rendered":"https:\/\/khg.squareone.digital\/product\/verbrauchsmaterialien-fur-savona-wopa\/"},"modified":"2026-02-25T18:28:05","modified_gmt":"2026-02-25T18:28:05","slug":"verbrauchsmaterialien-fur-savona-wopa","status":"publish","type":"product","link":"https:\/\/kennedy-hygiene.com\/de\/produkt\/verbrauchsmaterialien-fur-savona-wopa\/","title":{"rendered":"Verbrauchsmaterialien f\u00fcr Savona Wopa"},"content":{"rendered":"<ul>\n<li>Entfernt \u00d6le, Fette und leichte bis mittelstarke Verschmutzungen<\/li>\n<li>F\u00fcr eine gro\u00dfe Anzahl von Einrichtungen geeignet<\/li>\n<li>Die auf nat\u00fcrlichen Inhaltsstoffen basierenden Aprikosenkern-Peelingpartikel gew\u00e4hrleisten eine hohe Wirksamkeit, ohne Reizungen hervorzurufen<\/li>\n<li>Enth\u00e4lt Weichmacher und Hautpflegemittel<\/li>\n<li>F\u00fcr h\u00e4ufige Anwendung geeignet<\/li>\n<p>Mindestbestellmenge (MOQ): 6 Einheiten im Karton verpackt.\n<\/ul>\n","protected":false},"excerpt":{"rendered":"<p>Entfernt \u00d6le, Fette und leichte bis mittelstarke Verschmutzungen F\u00fcr eine gro\u00dfe Anzahl von Einrichtungen geeignet Die auf nat\u00fcrlichen Inhaltsstoffen basierenden Aprikosenkern-Peelingpartikel gew\u00e4hrleisten eine hohe Wirksamkeit, ohne Reizungen hervorzurufen Enth\u00e4lt Weichmacher und Hautpflegemittel F\u00fcr h\u00e4ufige Anwendung geeignet Mindestbestellmenge (MOQ): 6 Einheiten im Karton verpackt.<\/p>\n","protected":false},"featured_media":2763,"comment_status":"closed","ping_status":"closed","template":"","meta":{"_acf_changed":false},"product_brand":[],"product_cat":[905,933,249],"product_tag":[],"class_list":{"0":"post-15047","1":"product","2":"type-product","3":"status-publish","4":"has-post-thumbnail","6":"product_cat-handewaschen-verbrauchsmaterialien","7":"product_cat-verbrauchsmaterialien","8":"product_cat-haendewaschen","10":"first","11":"instock","12":"product-type-simple"},"acf":[],"_links":{"self":[{"href":"https:\/\/kennedy-hygiene.com\/de\/wp-json\/wp\/v2\/product\/15047","targetHints":{"allow":["GET"]}}],"collection":[{"href":"https:\/\/kennedy-hygiene.com\/de\/wp-json\/wp\/v2\/product"}],"about":[{"href":"https:\/\/kennedy-hygiene.com\/de\/wp-json\/wp\/v2\/types\/product"}],"replies":[{"embeddable":true,"href":"https:\/\/kennedy-hygiene.com\/de\/wp-json\/wp\/v2\/comments?post=15047"}],"wp:featuredmedia":[{"embeddable":true,"href":"https:\/\/kennedy-hygiene.com\/de\/wp-json\/wp\/v2\/media\/2763"}],"wp:attachment":[{"href":"https:\/\/kennedy-hygiene.com\/de\/wp-json\/wp\/v2\/media?parent=15047"}],"wp:term":[{"taxonomy":"product_brand","embeddable":true,"href":"https:\/\/kennedy-hygiene.com\/de\/wp-json\/wp\/v2\/product_brand?post=15047"},{"taxonomy":"product_cat","embeddable":true,"href":"https:\/\/kennedy-hygiene.com\/de\/wp-json\/wp\/v2\/product_cat?post=15047"},{"taxonomy":"product_tag","embeddable":true,"href":"https:\/\/kennedy-hygiene.com\/de\/wp-json\/wp\/v2\/product_tag?post=15047"}],"curies":[{"name":"wp","href":"https:\/\/api.w.org\/{rel}","templated":true}]}}