{"id":15045,"date":"2026-02-25T18:09:13","date_gmt":"2026-02-25T18:09:13","guid":{"rendered":"https:\/\/khg.squareone.digital\/product\/verbrauchsmaterialien-fur-alle-savona-foam-und-savona-auto-foam\/"},"modified":"2026-02-25T18:28:03","modified_gmt":"2026-02-25T18:28:03","slug":"verbrauchsmaterialien-fur-alle-savona-foam-und-savona-auto-foam","status":"publish","type":"product","link":"https:\/\/kennedy-hygiene.com\/de\/produkt\/verbrauchsmaterialien-fur-alle-savona-foam-und-savona-auto-foam\/","title":{"rendered":"Verbrauchsmaterialien f\u00fcr alle Savona Foam und Savona Auto Foam"},"content":{"rendered":"<p>&nbsp;<\/p>\n<ul>\n<li>\u00c4u\u00dferst sparsame Schaumseifenlotion<\/li>\n<li>Luxuri\u00f6se, reichhaltige Textur<\/li>\n<li>F\u00fcr h\u00e4ufige Anwendung geeignet<\/li>\n<p>Mindestbestellmenge (MOQ): 8 Einheiten im Karton verpackt.\n<\/ul>\n","protected":false},"excerpt":{"rendered":"<p>&nbsp; \u00c4u\u00dferst sparsame Schaumseifenlotion Luxuri\u00f6se, reichhaltige Textur F\u00fcr h\u00e4ufige Anwendung geeignet Mindestbestellmenge (MOQ): 8 Einheiten im Karton verpackt.<\/p>\n","protected":false},"featured_media":2751,"comment_status":"closed","ping_status":"closed","template":"","meta":{"_acf_changed":false},"product_brand":[],"product_cat":[905,933,249],"product_tag":[],"class_list":{"0":"post-15045","1":"product","2":"type-product","3":"status-publish","4":"has-post-thumbnail","6":"product_cat-handewaschen-verbrauchsmaterialien","7":"product_cat-verbrauchsmaterialien","8":"product_cat-haendewaschen","10":"first","11":"instock","12":"product-type-simple"},"acf":[],"_links":{"self":[{"href":"https:\/\/kennedy-hygiene.com\/de\/wp-json\/wp\/v2\/product\/15045","targetHints":{"allow":["GET"]}}],"collection":[{"href":"https:\/\/kennedy-hygiene.com\/de\/wp-json\/wp\/v2\/product"}],"about":[{"href":"https:\/\/kennedy-hygiene.com\/de\/wp-json\/wp\/v2\/types\/product"}],"replies":[{"embeddable":true,"href":"https:\/\/kennedy-hygiene.com\/de\/wp-json\/wp\/v2\/comments?post=15045"}],"wp:featuredmedia":[{"embeddable":true,"href":"https:\/\/kennedy-hygiene.com\/de\/wp-json\/wp\/v2\/media\/2751"}],"wp:attachment":[{"href":"https:\/\/kennedy-hygiene.com\/de\/wp-json\/wp\/v2\/media?parent=15045"}],"wp:term":[{"taxonomy":"product_brand","embeddable":true,"href":"https:\/\/kennedy-hygiene.com\/de\/wp-json\/wp\/v2\/product_brand?post=15045"},{"taxonomy":"product_cat","embeddable":true,"href":"https:\/\/kennedy-hygiene.com\/de\/wp-json\/wp\/v2\/product_cat?post=15045"},{"taxonomy":"product_tag","embeddable":true,"href":"https:\/\/kennedy-hygiene.com\/de\/wp-json\/wp\/v2\/product_tag?post=15045"}],"curies":[{"name":"wp","href":"https:\/\/api.w.org\/{rel}","templated":true}]}}