{"id":15043,"date":"2026-02-25T18:09:10","date_gmt":"2026-02-25T18:09:10","guid":{"rendered":"https:\/\/khg.squareone.digital\/product\/verbrauchsmaterialien-fur-alle-savona-und-savona-auto-3\/"},"modified":"2026-02-25T18:28:02","modified_gmt":"2026-02-25T18:28:02","slug":"verbrauchsmaterialien-fur-alle-savona-und-savona-auto-3","status":"publish","type":"product","link":"https:\/\/kennedy-hygiene.com\/de\/produkt\/verbrauchsmaterialien-fur-alle-savona-und-savona-auto-3\/","title":{"rendered":"Verbrauchsmaterialien f\u00fcr alle Savona und Savona Auto"},"content":{"rendered":"<p>&nbsp;<\/p>\n<ul>\n<li>Alkoholisches Desinfektionsgel f\u00fcr die H\u00e4nde<\/li>\n<li>Erf\u00fcllt die europ\u00e4ische Normen: EN 1040, EN 1275, EN 1276, EN 1500, EN 13727, EN 13697, EN 14348 and EN 14476<\/li>\n<li>Schnell trocknende, farblose und unparf\u00fcmierte Desinfektionsfl\u00fcssigkeit.\n<\/li>\n<p>Mindestbestellmenge (MOQ): 8 Einheiten im Karton verpackt.\n<\/ul>\n","protected":false},"excerpt":{"rendered":"<p>&nbsp; Alkoholisches Desinfektionsgel f\u00fcr die H\u00e4nde Erf\u00fcllt die europ\u00e4ische Normen: EN 1040, EN 1275, EN 1276, EN 1500, EN 13727, EN 13697, EN 14348 and EN 14476 Schnell trocknende, farblose und unparf\u00fcmierte Desinfektionsfl\u00fcssigkeit. Mindestbestellmenge (MOQ): 8 Einheiten im Karton verpackt.<\/p>\n","protected":false},"featured_media":2739,"comment_status":"closed","ping_status":"closed","template":"","meta":{"_acf_changed":false},"product_brand":[],"product_cat":[905,933,249],"product_tag":[],"class_list":{"0":"post-15043","1":"product","2":"type-product","3":"status-publish","4":"has-post-thumbnail","6":"product_cat-handewaschen-verbrauchsmaterialien","7":"product_cat-verbrauchsmaterialien","8":"product_cat-haendewaschen","10":"first","11":"instock","12":"product-type-simple"},"acf":[],"_links":{"self":[{"href":"https:\/\/kennedy-hygiene.com\/de\/wp-json\/wp\/v2\/product\/15043","targetHints":{"allow":["GET"]}}],"collection":[{"href":"https:\/\/kennedy-hygiene.com\/de\/wp-json\/wp\/v2\/product"}],"about":[{"href":"https:\/\/kennedy-hygiene.com\/de\/wp-json\/wp\/v2\/types\/product"}],"replies":[{"embeddable":true,"href":"https:\/\/kennedy-hygiene.com\/de\/wp-json\/wp\/v2\/comments?post=15043"}],"wp:featuredmedia":[{"embeddable":true,"href":"https:\/\/kennedy-hygiene.com\/de\/wp-json\/wp\/v2\/media\/2739"}],"wp:attachment":[{"href":"https:\/\/kennedy-hygiene.com\/de\/wp-json\/wp\/v2\/media?parent=15043"}],"wp:term":[{"taxonomy":"product_brand","embeddable":true,"href":"https:\/\/kennedy-hygiene.com\/de\/wp-json\/wp\/v2\/product_brand?post=15043"},{"taxonomy":"product_cat","embeddable":true,"href":"https:\/\/kennedy-hygiene.com\/de\/wp-json\/wp\/v2\/product_cat?post=15043"},{"taxonomy":"product_tag","embeddable":true,"href":"https:\/\/kennedy-hygiene.com\/de\/wp-json\/wp\/v2\/product_tag?post=15043"}],"curies":[{"name":"wp","href":"https:\/\/api.w.org\/{rel}","templated":true}]}}