{"id":15041,"date":"2026-02-25T18:09:08","date_gmt":"2026-02-25T18:09:08","guid":{"rendered":"https:\/\/khg.squareone.digital\/product\/verbrauchsmaterialien-fur-alle-savona-und-savona-auto-2\/"},"modified":"2026-02-25T18:28:00","modified_gmt":"2026-02-25T18:28:00","slug":"verbrauchsmaterialien-fur-alle-savona-und-savona-auto-2","status":"publish","type":"product","link":"https:\/\/kennedy-hygiene.com\/de\/produkt\/verbrauchsmaterialien-fur-alle-savona-und-savona-auto-2\/","title":{"rendered":"Verbrauchsmaterialien f\u00fcr alle Savona und Savona Auto"},"content":{"rendered":"<p>&nbsp;<\/p>\n<ul>\n<li>Unparf\u00fcmierte, farblose Seife<\/li>\n<li>Pflegende Eigenschaften verhindern, dass die Haut bei h\u00e4ufigem Gebrauch austrocknet<\/li>\n<li>Geeignet f\u00fcr Bereiche, die ein hohes Hygieneniveau erfordern.\/li>\n<p>Mindestbestellmenge (MOQ): 8 Einheiten im Karton verpackt.\n<\/ul>\n","protected":false},"excerpt":{"rendered":"<p>&nbsp; Unparf\u00fcmierte, farblose Seife Pflegende Eigenschaften verhindern, dass die Haut bei h\u00e4ufigem Gebrauch austrocknet Geeignet f\u00fcr Bereiche, die ein hohes Hygieneniveau erfordern.\/li> Mindestbestellmenge (MOQ): 8 Einheiten im Karton verpackt.<\/p>\n","protected":false},"featured_media":2727,"comment_status":"closed","ping_status":"closed","template":"","meta":{"_acf_changed":false},"product_brand":[],"product_cat":[905,933,249],"product_tag":[],"class_list":{"0":"post-15041","1":"product","2":"type-product","3":"status-publish","4":"has-post-thumbnail","6":"product_cat-handewaschen-verbrauchsmaterialien","7":"product_cat-verbrauchsmaterialien","8":"product_cat-haendewaschen","10":"first","11":"instock","12":"product-type-simple"},"acf":[],"_links":{"self":[{"href":"https:\/\/kennedy-hygiene.com\/de\/wp-json\/wp\/v2\/product\/15041","targetHints":{"allow":["GET"]}}],"collection":[{"href":"https:\/\/kennedy-hygiene.com\/de\/wp-json\/wp\/v2\/product"}],"about":[{"href":"https:\/\/kennedy-hygiene.com\/de\/wp-json\/wp\/v2\/types\/product"}],"replies":[{"embeddable":true,"href":"https:\/\/kennedy-hygiene.com\/de\/wp-json\/wp\/v2\/comments?post=15041"}],"wp:featuredmedia":[{"embeddable":true,"href":"https:\/\/kennedy-hygiene.com\/de\/wp-json\/wp\/v2\/media\/2727"}],"wp:attachment":[{"href":"https:\/\/kennedy-hygiene.com\/de\/wp-json\/wp\/v2\/media?parent=15041"}],"wp:term":[{"taxonomy":"product_brand","embeddable":true,"href":"https:\/\/kennedy-hygiene.com\/de\/wp-json\/wp\/v2\/product_brand?post=15041"},{"taxonomy":"product_cat","embeddable":true,"href":"https:\/\/kennedy-hygiene.com\/de\/wp-json\/wp\/v2\/product_cat?post=15041"},{"taxonomy":"product_tag","embeddable":true,"href":"https:\/\/kennedy-hygiene.com\/de\/wp-json\/wp\/v2\/product_tag?post=15041"}],"curies":[{"name":"wp","href":"https:\/\/api.w.org\/{rel}","templated":true}]}}