{"id":15037,"date":"2026-02-25T18:09:01","date_gmt":"2026-02-25T18:09:01","guid":{"rendered":"https:\/\/khg.squareone.digital\/product\/verbrauchsmaterialien-fur-alle-integra-und-tekna\/"},"modified":"2026-02-25T18:27:58","modified_gmt":"2026-02-25T18:27:58","slug":"verbrauchsmaterialien-fur-alle-integra-und-tekna","status":"publish","type":"product","link":"https:\/\/kennedy-hygiene.com\/de\/produkt\/verbrauchsmaterialien-fur-alle-integra-und-tekna\/","title":{"rendered":"Verbrauchsmaterialien f\u00fcr alle Integra und Tekna"},"content":{"rendered":"<p>Wei\u00dfes Baumwollhandtuch passend f\u00fcr alle Integra und Tekna Baumwollrollenhandtuchspender aus dem Handtrocknungs-Sortiment.<\/p>\n<p>Zusammensetzung: Baumwolle<br \/>\nMa\u00dfe: L\u00e4nge: 40 m, Breite: 27 cm, Gewicht: 2.2 kg.<\/p>\n<p>Die Vorteile der Baumwolle:<\/p>\n<ul>\n<li>Ultimative Hygiene<\/li>\n<li>Umweltfreundlich<\/li>\n<li>Anwenderkomfort<\/li>\n<\/ul>\n","protected":false},"excerpt":{"rendered":"<p>Wei\u00dfes Baumwollhandtuch passend f\u00fcr alle Integra und Tekna Baumwollrollenhandtuchspender aus dem Handtrocknungs-Sortiment. Zusammensetzung: Baumwolle Ma\u00dfe: L\u00e4nge: 40 m, Breite: 27 cm, Gewicht: 2.2 kg. Die Vorteile der Baumwolle: Ultimative Hygiene Umweltfreundlich Anwenderkomfort<\/p>\n","protected":false},"featured_media":2703,"comment_status":"closed","ping_status":"closed","template":"","meta":{"_acf_changed":false},"product_brand":[],"product_cat":[899,933,225],"product_tag":[],"class_list":{"0":"post-15037","1":"product","2":"type-product","3":"status-publish","4":"has-post-thumbnail","6":"product_cat-haendetrocknen-verbrauchsmaterialien","7":"product_cat-verbrauchsmaterialien","8":"product_cat-haendetrocknen","10":"first","11":"instock","12":"product-type-simple"},"acf":[],"_links":{"self":[{"href":"https:\/\/kennedy-hygiene.com\/de\/wp-json\/wp\/v2\/product\/15037","targetHints":{"allow":["GET"]}}],"collection":[{"href":"https:\/\/kennedy-hygiene.com\/de\/wp-json\/wp\/v2\/product"}],"about":[{"href":"https:\/\/kennedy-hygiene.com\/de\/wp-json\/wp\/v2\/types\/product"}],"replies":[{"embeddable":true,"href":"https:\/\/kennedy-hygiene.com\/de\/wp-json\/wp\/v2\/comments?post=15037"}],"wp:featuredmedia":[{"embeddable":true,"href":"https:\/\/kennedy-hygiene.com\/de\/wp-json\/wp\/v2\/media\/2703"}],"wp:attachment":[{"href":"https:\/\/kennedy-hygiene.com\/de\/wp-json\/wp\/v2\/media?parent=15037"}],"wp:term":[{"taxonomy":"product_brand","embeddable":true,"href":"https:\/\/kennedy-hygiene.com\/de\/wp-json\/wp\/v2\/product_brand?post=15037"},{"taxonomy":"product_cat","embeddable":true,"href":"https:\/\/kennedy-hygiene.com\/de\/wp-json\/wp\/v2\/product_cat?post=15037"},{"taxonomy":"product_tag","embeddable":true,"href":"https:\/\/kennedy-hygiene.com\/de\/wp-json\/wp\/v2\/product_tag?post=15037"}],"curies":[{"name":"wp","href":"https:\/\/api.w.org\/{rel}","templated":true}]}}