{"id":15035,"date":"2026-02-25T18:08:58","date_gmt":"2026-02-25T18:08:58","guid":{"rendered":"https:\/\/khg.squareone.digital\/product\/verbrauchsmaterialien-fur-metro\/"},"modified":"2026-02-25T18:27:56","modified_gmt":"2026-02-25T18:27:56","slug":"verbrauchsmaterialien-fur-metro","status":"publish","type":"product","link":"https:\/\/kennedy-hygiene.com\/de\/produkt\/verbrauchsmaterialien-fur-metro\/","title":{"rendered":"Verbrauchsmaterialien f\u00fcr Metro"},"content":{"rendered":"<p>Wei\u00dfes Baumwollhandtuch passend f\u00fcr Metro-Baumwollrollenhandtuchspender aus dem Handtrocknungs-Sortiment.<\/p>\n<p>Zusammensetzung: Baumwolle<br \/>\nMa\u00dfe: L\u00e4nge: 20 m, Breite: 19 cm, Gewicht: 900 g.<\/p>\n<p>Die Vorteile der Baumwolle:<\/p>\n<ul>\n<li>Ultimative Hygiene<\/li>\n<li>Umweltfreundlich<\/li>\n<li>Anwenderkomfort<\/li>\n<\/ul>\n<h3><\/h3>\n","protected":false},"excerpt":{"rendered":"<p>Wei\u00dfes Baumwollhandtuch passend f\u00fcr Metro-Baumwollrollenhandtuchspender aus dem Handtrocknungs-Sortiment. Zusammensetzung: Baumwolle Ma\u00dfe: L\u00e4nge: 20 m, Breite: 19 cm, Gewicht: 900 g. Die Vorteile der Baumwolle: Ultimative Hygiene Umweltfreundlich Anwenderkomfort<\/p>\n","protected":false},"featured_media":2691,"comment_status":"closed","ping_status":"closed","template":"","meta":{"_acf_changed":false},"product_brand":[],"product_cat":[899,933,225],"product_tag":[],"class_list":{"0":"post-15035","1":"product","2":"type-product","3":"status-publish","4":"has-post-thumbnail","6":"product_cat-haendetrocknen-verbrauchsmaterialien","7":"product_cat-verbrauchsmaterialien","8":"product_cat-haendetrocknen","10":"first","11":"instock","12":"product-type-simple"},"acf":[],"_links":{"self":[{"href":"https:\/\/kennedy-hygiene.com\/de\/wp-json\/wp\/v2\/product\/15035","targetHints":{"allow":["GET"]}}],"collection":[{"href":"https:\/\/kennedy-hygiene.com\/de\/wp-json\/wp\/v2\/product"}],"about":[{"href":"https:\/\/kennedy-hygiene.com\/de\/wp-json\/wp\/v2\/types\/product"}],"replies":[{"embeddable":true,"href":"https:\/\/kennedy-hygiene.com\/de\/wp-json\/wp\/v2\/comments?post=15035"}],"wp:featuredmedia":[{"embeddable":true,"href":"https:\/\/kennedy-hygiene.com\/de\/wp-json\/wp\/v2\/media\/2691"}],"wp:attachment":[{"href":"https:\/\/kennedy-hygiene.com\/de\/wp-json\/wp\/v2\/media?parent=15035"}],"wp:term":[{"taxonomy":"product_brand","embeddable":true,"href":"https:\/\/kennedy-hygiene.com\/de\/wp-json\/wp\/v2\/product_brand?post=15035"},{"taxonomy":"product_cat","embeddable":true,"href":"https:\/\/kennedy-hygiene.com\/de\/wp-json\/wp\/v2\/product_cat?post=15035"},{"taxonomy":"product_tag","embeddable":true,"href":"https:\/\/kennedy-hygiene.com\/de\/wp-json\/wp\/v2\/product_tag?post=15035"}],"curies":[{"name":"wp","href":"https:\/\/api.w.org\/{rel}","templated":true}]}}