{"id":15023,"date":"2026-02-25T18:08:44","date_gmt":"2026-02-25T18:08:44","guid":{"rendered":"https:\/\/khg.squareone.digital\/product\/bioforce-plus-keimtotende-beutel-fur-damenhygieneabfalle\/"},"modified":"2026-02-25T18:27:47","modified_gmt":"2026-02-25T18:27:47","slug":"bioforce-plus-keimtotende-beutel-fur-damenhygieneabfalle","status":"publish","type":"product","link":"https:\/\/kennedy-hygiene.com\/de\/produkt\/bioforce-plus-keimtotende-beutel-fur-damenhygieneabfalle\/","title":{"rendered":"Bioforce Plus Keimt\u00f6tende Beutel F\u00fcr Damenhygieneabf\u00e4lle"},"content":{"rendered":"<p><strong>Bioforce Plus \u2013 Vorteile<\/strong><\/p>\n<ul>    Pro Karton gibt es 200 Beutel. <\/p>\n<li>Hemmt Mikrobenwachstum und beseitigt unangenehme Ger\u00fcche<\/li>\n<li>Aktiv \u00fcber 8 Wochen Serviceperiode<\/li>\n<\/ul>\n<p><strong>Servicefreundlich<\/strong><\/p>\n<ul>\n<li>Sauberes und problemlos anzuwendendes Trockenformat<\/li>\n<li>Zerst\u00e4ubungsaktion \u2013 wirkt auch noch dann, wenn die Einheit voll ist<\/li>\n<\/ul>\n<p><strong>Sicher<\/strong><\/p>\n<ul>\n<li>Sch\u00fctzt aktiv vor Hepatitis B &amp; C und HIV<\/li>\n<li>Keine gef\u00e4hrlichen Chemikalien, keine Versch\u00fcttungsgefahr<\/li>\n<\/ul>\n","protected":false},"excerpt":{"rendered":"<p>Bioforce Plus \u2013 Vorteile Pro Karton gibt es 200 Beutel. Hemmt Mikrobenwachstum und beseitigt unangenehme Ger\u00fcche Aktiv \u00fcber 8 Wochen Serviceperiode Servicefreundlich Sauberes und problemlos anzuwendendes Trockenformat Zerst\u00e4ubungsaktion \u2013 wirkt auch noch dann, wenn die Einheit voll ist Sicher Sch\u00fctzt aktiv vor Hepatitis B &amp; C und HIV Keine gef\u00e4hrlichen Chemikalien, keine Versch\u00fcttungsgefahr<\/p>\n","protected":false},"featured_media":2615,"comment_status":"closed","ping_status":"closed","template":"","meta":{"_acf_changed":false},"product_brand":[],"product_cat":[911,933],"product_tag":[],"class_list":{"0":"post-15023","1":"product","2":"type-product","3":"status-publish","4":"has-post-thumbnail","6":"product_cat-sanitare-entsorgung-verbrauchsmaterialien","7":"product_cat-verbrauchsmaterialien","9":"first","10":"instock","11":"product-type-simple"},"acf":[],"_links":{"self":[{"href":"https:\/\/kennedy-hygiene.com\/de\/wp-json\/wp\/v2\/product\/15023","targetHints":{"allow":["GET"]}}],"collection":[{"href":"https:\/\/kennedy-hygiene.com\/de\/wp-json\/wp\/v2\/product"}],"about":[{"href":"https:\/\/kennedy-hygiene.com\/de\/wp-json\/wp\/v2\/types\/product"}],"replies":[{"embeddable":true,"href":"https:\/\/kennedy-hygiene.com\/de\/wp-json\/wp\/v2\/comments?post=15023"}],"wp:featuredmedia":[{"embeddable":true,"href":"https:\/\/kennedy-hygiene.com\/de\/wp-json\/wp\/v2\/media\/2615"}],"wp:attachment":[{"href":"https:\/\/kennedy-hygiene.com\/de\/wp-json\/wp\/v2\/media?parent=15023"}],"wp:term":[{"taxonomy":"product_brand","embeddable":true,"href":"https:\/\/kennedy-hygiene.com\/de\/wp-json\/wp\/v2\/product_brand?post=15023"},{"taxonomy":"product_cat","embeddable":true,"href":"https:\/\/kennedy-hygiene.com\/de\/wp-json\/wp\/v2\/product_cat?post=15023"},{"taxonomy":"product_tag","embeddable":true,"href":"https:\/\/kennedy-hygiene.com\/de\/wp-json\/wp\/v2\/product_tag?post=15023"}],"curies":[{"name":"wp","href":"https:\/\/api.w.org\/{rel}","templated":true}]}}