{"id":15021,"date":"2026-02-25T18:08:41","date_gmt":"2026-02-25T18:08:41","guid":{"rendered":"https:\/\/khg.squareone.digital\/product\/verstarkte-behaltereinsatze-mit-schnellverschlussband\/"},"modified":"2026-02-25T18:27:46","modified_gmt":"2026-02-25T18:27:46","slug":"verstarkte-behaltereinsatze-mit-schnellverschlussband","status":"publish","type":"product","link":"https:\/\/kennedy-hygiene.com\/de\/produkt\/verstarkte-behaltereinsatze-mit-schnellverschlussband\/","title":{"rendered":"Verst\u00e4rkte Beh\u00e4ltereins\u00e4tze Mit Schnellverschlussband"},"content":{"rendered":"<p>Pro Karton gibt es 200 Beutel.<\/p>\n<ul>\n<li>Robuste, 70 Mikron starke Beutel<\/li>\n<li>Rei\u00dffestes Schnellverschlussband<\/li>\n<\/ul>\n","protected":false},"excerpt":{"rendered":"<p>Pro Karton gibt es 200 Beutel. Robuste, 70 Mikron starke Beutel Rei\u00dffestes Schnellverschlussband<\/p>\n","protected":false},"featured_media":2603,"comment_status":"closed","ping_status":"closed","template":"","meta":{"_acf_changed":false},"product_brand":[],"product_cat":[933,911,257],"product_tag":[],"class_list":{"0":"post-15021","1":"product","2":"type-product","3":"status-publish","4":"has-post-thumbnail","6":"product_cat-verbrauchsmaterialien","7":"product_cat-sanitare-entsorgung-verbrauchsmaterialien","8":"product_cat-sanitaere-entsorgung","10":"first","11":"instock","12":"product-type-simple"},"acf":[],"_links":{"self":[{"href":"https:\/\/kennedy-hygiene.com\/de\/wp-json\/wp\/v2\/product\/15021","targetHints":{"allow":["GET"]}}],"collection":[{"href":"https:\/\/kennedy-hygiene.com\/de\/wp-json\/wp\/v2\/product"}],"about":[{"href":"https:\/\/kennedy-hygiene.com\/de\/wp-json\/wp\/v2\/types\/product"}],"replies":[{"embeddable":true,"href":"https:\/\/kennedy-hygiene.com\/de\/wp-json\/wp\/v2\/comments?post=15021"}],"wp:featuredmedia":[{"embeddable":true,"href":"https:\/\/kennedy-hygiene.com\/de\/wp-json\/wp\/v2\/media\/2603"}],"wp:attachment":[{"href":"https:\/\/kennedy-hygiene.com\/de\/wp-json\/wp\/v2\/media?parent=15021"}],"wp:term":[{"taxonomy":"product_brand","embeddable":true,"href":"https:\/\/kennedy-hygiene.com\/de\/wp-json\/wp\/v2\/product_brand?post=15021"},{"taxonomy":"product_cat","embeddable":true,"href":"https:\/\/kennedy-hygiene.com\/de\/wp-json\/wp\/v2\/product_cat?post=15021"},{"taxonomy":"product_tag","embeddable":true,"href":"https:\/\/kennedy-hygiene.com\/de\/wp-json\/wp\/v2\/product_tag?post=15021"}],"curies":[{"name":"wp","href":"https:\/\/api.w.org\/{rel}","templated":true}]}}