{"id":15005,"date":"2026-02-25T18:08:20","date_gmt":"2026-02-25T18:08:20","guid":{"rendered":"https:\/\/khg.squareone.digital\/product\/airplus-cartridge\/"},"modified":"2026-02-25T18:27:42","modified_gmt":"2026-02-25T18:27:42","slug":"airplus-cartridge","status":"publish","type":"product","link":"https:\/\/kennedy-hygiene.com\/de\/produkt\/airplus-cartridge\/","title":{"rendered":"Airplus cartridge"},"content":{"rendered":"<p>Airplus ist ein passiver Lufterfrischer, der weder Batterien noch Strom ben\u00f6tigt.<br \/>\nDie Nachf\u00fcllungen halten bis zu 60 Tage und sind f\u00fcr kleine Waschr\u00e4ume geeignet.<br \/>\nDie Kartusche besteht aus einer Kunststoffflasche, die Duft\u00f6l, L\u00f6sungsmittel und ein Dochtmittel enth\u00e4lt.<\/p>\n<p>Hinweise zur Lagerung:<br \/>\nUnter 40\u00b0C lagern. Informationen zu den Chemikalien und Entsorgungshinweisen finden Sie im Sicherheitsdatenblatt.<\/p>\n<p>Verpackung:<br \/>\nMindestbestellmenge (MOQ): 12 Kartuschen im Karton verpackt.<br \/>\nGewicht 1,10 kg (2,4 lb).  Abmessungen: 220 x 170 x 130 mm (8,6 x 6,7 x 5,1 Zoll). <\/p>\n<p>Es gibt f\u00fcnf D\u00fcfte, von frischen, k\u00fchlenden T\u00f6nen bis hin zu fruchtigen oder blumigen Noten.<\/p>\n","protected":false},"excerpt":{"rendered":"<p>Airplus ist ein passiver Lufterfrischer, der weder Batterien noch Strom ben\u00f6tigt. Die Nachf\u00fcllungen halten bis zu 60 Tage und sind f\u00fcr kleine Waschr\u00e4ume geeignet. Die Kartusche besteht aus einer Kunststoffflasche, die Duft\u00f6l, L\u00f6sungsmittel und ein Dochtmittel enth\u00e4lt. Hinweise zur Lagerung: Unter 40\u00b0C lagern. Informationen zu den Chemikalien und Entsorgungshinweisen finden Sie im Sicherheitsdatenblatt. Verpackung: Mindestbestellmenge<a class=\"excerpt-read-more\" href=\"https:\/\/kennedy-hygiene.com\/de\/produkt\/airplus-cartridge\/\" title=\"ReadAirplus cartridge\">&#8230; Read more &raquo;<\/a><\/p>\n","protected":false},"featured_media":2555,"comment_status":"closed","ping_status":"closed","template":"","meta":{"_acf_changed":false},"product_brand":[],"product_cat":[933,887,213],"product_tag":[],"class_list":{"0":"post-15005","1":"product","2":"type-product","3":"status-publish","4":"has-post-thumbnail","6":"product_cat-verbrauchsmaterialien","7":"product_cat-lufterfrischer-verbrauchsmaterialien","8":"product_cat-lufterfrischer","9":"pa_scent-citrus-spring","10":"pa_scent-mint-zone","11":"pa_scent-peach-zing","12":"pa_scent-lilac-mist","13":"pa_scent-water-fresh","15":"first","16":"instock","17":"product-type-variable","18":"has-default-attributes"},"acf":[],"_links":{"self":[{"href":"https:\/\/kennedy-hygiene.com\/de\/wp-json\/wp\/v2\/product\/15005","targetHints":{"allow":["GET"]}}],"collection":[{"href":"https:\/\/kennedy-hygiene.com\/de\/wp-json\/wp\/v2\/product"}],"about":[{"href":"https:\/\/kennedy-hygiene.com\/de\/wp-json\/wp\/v2\/types\/product"}],"replies":[{"embeddable":true,"href":"https:\/\/kennedy-hygiene.com\/de\/wp-json\/wp\/v2\/comments?post=15005"}],"wp:featuredmedia":[{"embeddable":true,"href":"https:\/\/kennedy-hygiene.com\/de\/wp-json\/wp\/v2\/media\/2555"}],"wp:attachment":[{"href":"https:\/\/kennedy-hygiene.com\/de\/wp-json\/wp\/v2\/media?parent=15005"}],"wp:term":[{"taxonomy":"product_brand","embeddable":true,"href":"https:\/\/kennedy-hygiene.com\/de\/wp-json\/wp\/v2\/product_brand?post=15005"},{"taxonomy":"product_cat","embeddable":true,"href":"https:\/\/kennedy-hygiene.com\/de\/wp-json\/wp\/v2\/product_cat?post=15005"},{"taxonomy":"product_tag","embeddable":true,"href":"https:\/\/kennedy-hygiene.com\/de\/wp-json\/wp\/v2\/product_tag?post=15005"}],"curies":[{"name":"wp","href":"https:\/\/api.w.org\/{rel}","templated":true}]}}