{"id":14993,"date":"2026-02-25T18:08:06","date_gmt":"2026-02-25T18:08:06","guid":{"rendered":"https:\/\/khg.squareone.digital\/product\/gel-einsatz-fur-den-lufterfrischer-slim-air\/"},"modified":"2026-02-25T18:27:42","modified_gmt":"2026-02-25T18:27:42","slug":"gel-einsatz-fur-den-lufterfrischer-slim-air","status":"publish","type":"product","link":"https:\/\/kennedy-hygiene.com\/de\/produkt\/gel-einsatz-fur-den-lufterfrischer-slim-air\/","title":{"rendered":"Gel-Einsatz f\u00fcr den Lufterfrischer Slim Air"},"content":{"rendered":"<p>Slim Air ist ein passiver Lufterfrischer, der keine Batterien, Strom oder Programmierung ben\u00f6tigt.<br \/>\nDie Nachf\u00fcllungen halten bis zu 60 Tage und sind f\u00fcr gewerbliche Waschr\u00e4ume geeignet.<br \/>\nDie patentierten Duftgels bestehen aus geruchsneutralisierenden Materialien und sorgen f\u00fcr maximale Frische.<\/p>\n<p>Material:<br \/>\nDie \u00e4u\u00dfere Schale besteht aus HDPE. (Polyethylen hoher Dichte). Die Schale ist mit Duftgel gef\u00fcllt und mit Polypropylenfolie versiegelt. <\/p>\n<p>Lagerung:<br \/>\nDuftgels k\u00fchl und dunkel lagern. Leere Schalen gem\u00e4\u00df den \u00f6rtlichen Vorschriften entsorgen.<\/p>\n<p>Verpackung: 12 Kartuschen im Karton.<br \/>\nGewicht 0,960 kg (2,12 lb). Abmessungen: 158 x 158 x 128 mm (6,22 x 6,22 x 5,04 Zoll) <\/p>\n<p>Die f\u00fcnf Duftrichtungen vereinen Sommerfr\u00fcchte, blumigen D\u00fcften, Zitrusfr\u00fcchten und Kr\u00e4utern, weicher Baumwolle, Waldgr\u00fcn und warmen Gew\u00fcrze.<\/p>\n","protected":false},"excerpt":{"rendered":"<p>Slim Air ist ein passiver Lufterfrischer, der keine Batterien, Strom oder Programmierung ben\u00f6tigt. Die Nachf\u00fcllungen halten bis zu 60 Tage und sind f\u00fcr gewerbliche Waschr\u00e4ume geeignet. Die patentierten Duftgels bestehen aus geruchsneutralisierenden Materialien und sorgen f\u00fcr maximale Frische. Material: Die \u00e4u\u00dfere Schale besteht aus HDPE. (Polyethylen hoher Dichte). Die Schale ist mit Duftgel gef\u00fcllt und<a class=\"excerpt-read-more\" href=\"https:\/\/kennedy-hygiene.com\/de\/produkt\/gel-einsatz-fur-den-lufterfrischer-slim-air\/\" title=\"ReadGel-Einsatz f\u00fcr den Lufterfrischer Slim Air\">&#8230; Read more &raquo;<\/a><\/p>\n","protected":false},"featured_media":2499,"comment_status":"closed","ping_status":"closed","template":"","meta":{"_acf_changed":false},"product_brand":[],"product_cat":[887,933,213],"product_tag":[],"class_list":{"0":"post-14993","1":"product","2":"type-product","3":"status-publish","4":"has-post-thumbnail","6":"product_cat-lufterfrischer-verbrauchsmaterialien","7":"product_cat-verbrauchsmaterialien","8":"product_cat-lufterfrischer","9":"pa_scent-sunrise","10":"pa_scent-horizon","11":"pa_scent-drift","12":"pa_scent-solstice","13":"pa_scent-cloudburst","15":"first","16":"outofstock","17":"product-type-variable","18":"has-default-attributes"},"acf":[],"_links":{"self":[{"href":"https:\/\/kennedy-hygiene.com\/de\/wp-json\/wp\/v2\/product\/14993","targetHints":{"allow":["GET"]}}],"collection":[{"href":"https:\/\/kennedy-hygiene.com\/de\/wp-json\/wp\/v2\/product"}],"about":[{"href":"https:\/\/kennedy-hygiene.com\/de\/wp-json\/wp\/v2\/types\/product"}],"replies":[{"embeddable":true,"href":"https:\/\/kennedy-hygiene.com\/de\/wp-json\/wp\/v2\/comments?post=14993"}],"wp:featuredmedia":[{"embeddable":true,"href":"https:\/\/kennedy-hygiene.com\/de\/wp-json\/wp\/v2\/media\/2499"}],"wp:attachment":[{"href":"https:\/\/kennedy-hygiene.com\/de\/wp-json\/wp\/v2\/media?parent=14993"}],"wp:term":[{"taxonomy":"product_brand","embeddable":true,"href":"https:\/\/kennedy-hygiene.com\/de\/wp-json\/wp\/v2\/product_brand?post=14993"},{"taxonomy":"product_cat","embeddable":true,"href":"https:\/\/kennedy-hygiene.com\/de\/wp-json\/wp\/v2\/product_cat?post=14993"},{"taxonomy":"product_tag","embeddable":true,"href":"https:\/\/kennedy-hygiene.com\/de\/wp-json\/wp\/v2\/product_tag?post=14993"}],"curies":[{"name":"wp","href":"https:\/\/api.w.org\/{rel}","templated":true}]}}