{"id":14969,"date":"2026-02-25T18:07:38","date_gmt":"2026-02-25T18:07:38","guid":{"rendered":"https:\/\/khg.squareone.digital\/product\/air-freshening-can-2\/"},"modified":"2026-03-13T15:23:07","modified_gmt":"2026-03-13T15:23:07","slug":"air-freshening-can-2","status":"publish","type":"product","link":"https:\/\/kennedy-hygiene.com\/de\/produkt\/air-freshening-can-2\/","title":{"rendered":"Air Freshening Can"},"content":{"rendered":"<p>Spa ist ein vollprogrammierbarer Aerosol-Lufterfrischer f\u00fcr den Betrieb mit Batterien und Duftsprays.<br \/>\nDie Nachf\u00fcllpackungen sind in FCKW-freien Aerosoldosen (160 ml \/ 5,4 oz oder 3000 Dosis) erh\u00e4ltlich. Jeder Duft wirkt sowohl gegen Waschraum- als auch gegen Tabakger\u00fcche.<\/p>\n<p>Verpackung:<br \/>\nMindestbestellmenge (MOQ): 12 Aerosoldosen m Karton verpackt. Gewicht 2.02 kg (4.85 lb). Abmessungen: 120 x 160 x 150 mm (4.72 x 6.30 x 5.91 in)<\/p>\n<p>Leere Dosen gem\u00e4\u00df den \u00f6rtlichen Vorschriften entsorgen.<\/p>\n<p>Die 12 D\u00fcfte enthalten ein hochwirksames, patentiertes Neutralisationsmittel. Beim Verspr\u00fchen eines Duftstoffes zersetzt das Neutralisationsmittel alle Geruchsmolek\u00fcle in der Luft.<\/p>\n","protected":false},"excerpt":{"rendered":"<p>Spa ist ein vollprogrammierbarer Aerosol-Lufterfrischer f\u00fcr den Betrieb mit Batterien und Duftsprays. Die Nachf\u00fcllpackungen sind in FCKW-freien Aerosoldosen (160 ml \/ 5,4 oz oder 3000 Dosis) erh\u00e4ltlich. Jeder Duft wirkt sowohl gegen Waschraum- als auch gegen Tabakger\u00fcche. Verpackung: Mindestbestellmenge (MOQ): 12 Aerosoldosen m Karton verpackt. Gewicht 2.02 kg (4.85 lb). Abmessungen: 120 x 160 x<a class=\"excerpt-read-more\" href=\"https:\/\/kennedy-hygiene.com\/de\/produkt\/air-freshening-can-2\/\" title=\"ReadAir Freshening Can\">&#8230; Read more &raquo;<\/a><\/p>\n","protected":false},"featured_media":2387,"comment_status":"closed","ping_status":"closed","template":"","meta":{"_acf_changed":false},"product_brand":[],"product_cat":[887,933,213],"product_tag":[],"class_list":{"0":"post-14969","1":"product","2":"type-product","3":"status-publish","4":"has-post-thumbnail","6":"product_cat-lufterfrischer-verbrauchsmaterialien","7":"product_cat-verbrauchsmaterialien","8":"product_cat-lufterfrischer","10":"first","11":"instock","12":"product-type-variable"},"acf":[],"_links":{"self":[{"href":"https:\/\/kennedy-hygiene.com\/de\/wp-json\/wp\/v2\/product\/14969","targetHints":{"allow":["GET"]}}],"collection":[{"href":"https:\/\/kennedy-hygiene.com\/de\/wp-json\/wp\/v2\/product"}],"about":[{"href":"https:\/\/kennedy-hygiene.com\/de\/wp-json\/wp\/v2\/types\/product"}],"replies":[{"embeddable":true,"href":"https:\/\/kennedy-hygiene.com\/de\/wp-json\/wp\/v2\/comments?post=14969"}],"wp:featuredmedia":[{"embeddable":true,"href":"https:\/\/kennedy-hygiene.com\/de\/wp-json\/wp\/v2\/media\/2387"}],"wp:attachment":[{"href":"https:\/\/kennedy-hygiene.com\/de\/wp-json\/wp\/v2\/media?parent=14969"}],"wp:term":[{"taxonomy":"product_brand","embeddable":true,"href":"https:\/\/kennedy-hygiene.com\/de\/wp-json\/wp\/v2\/product_brand?post=14969"},{"taxonomy":"product_cat","embeddable":true,"href":"https:\/\/kennedy-hygiene.com\/de\/wp-json\/wp\/v2\/product_cat?post=14969"},{"taxonomy":"product_tag","embeddable":true,"href":"https:\/\/kennedy-hygiene.com\/de\/wp-json\/wp\/v2\/product_tag?post=14969"}],"curies":[{"name":"wp","href":"https:\/\/api.w.org\/{rel}","templated":true}]}}