{"id":14963,"date":"2026-02-25T18:07:31","date_gmt":"2026-02-25T18:07:31","guid":{"rendered":"https:\/\/khg.squareone.digital\/product\/kennedys-bio-active-tm\/"},"modified":"2026-02-25T18:27:38","modified_gmt":"2026-02-25T18:27:38","slug":"kennedys-bio-active-tm","status":"publish","type":"product","link":"https:\/\/kennedy-hygiene.com\/de\/produkt\/kennedys-bio-active-tm\/","title":{"rendered":"Kennedys Bio-active TM"},"content":{"rendered":"<p>Mindestbestellmenge (MOQ): 12 Einheiten in einer Packung<\/p>\n<ul>\n<li>Umweltfreundliche, biologisch abbaubare L\u00f6sung auf der Basis nat\u00fcrlicher Inhaltsstoffe<\/li>\n<li>Nicht hautreizend, nicht gef\u00e4hrlich, nicht korrosiv &amp; nicht brennbar<\/li>\n<li>Schaumbildung in Urinalen als sichtbarer Beweis f\u00fcr eine Hygienel\u00f6sung<\/li>\n<li>F\u00fcr eine ausgepr\u00e4gtere Duftnote Mandarinen-Variante lieferbar<\/li>\n<\/ul>\n<p><strong>Wie wirkt Bio-active<sup>TM<\/sup>?<\/strong><\/p>\n<p>Bio-active<sup>TM<\/sup>\u00a0 umfasst 6 speziell kombinierte Technologien:<\/p>\n<p>1. Vorbeugung gegen kalkablagerungen<br \/>\nEin \u201egr\u00fcner&#8220; biologisch abbaubarer Inhaltsstoff stoppt die Ablagerung von Kalk<\/p>\n<p>2. Abbau von Harns\u00e4ure<br \/>\nAusgew\u00e4hlte \u201egute&#8220; Bakterien bauen Harns\u00e4ure ab, um unangenehmen Ger\u00fcchen vorzubeugen<\/p>\n<p>3. Kontrolliertes Bakterienwachstum<br \/>\nDas Wachstum gef\u00e4hrlicher Bakterien auf der Oberfl\u00e4che von WCs und Urinalen wird durch \u201ekonkurrierende Hemmung&#8220; kontrolliert<\/p>\n<p>4. Duft<br \/>\nEin hocheffizienter Duft gibt eine Duftnote ab, die als angenehm empfunden wird<\/p>\n<p>5. Reinigungswirkung<br \/>\nTensid mit Reinigungswirkung im Toilettenbecken und auf anderen Oberfl\u00e4chen<\/p>\n<p>6. Schaumbildung im Toilettenbecken<br \/>\nEin zweites Tensid bewirkt die Schaumbildung im Toilettenbecken als sichtbarer Beweis f\u00fcr das Vorhandensein einer aktiven Substanz<\/p>\n","protected":false},"excerpt":{"rendered":"<p>Mindestbestellmenge (MOQ): 12 Einheiten in einer Packung Umweltfreundliche, biologisch abbaubare L\u00f6sung auf der Basis nat\u00fcrlicher Inhaltsstoffe Nicht hautreizend, nicht gef\u00e4hrlich, nicht korrosiv &amp; nicht brennbar Schaumbildung in Urinalen als sichtbarer Beweis f\u00fcr eine Hygienel\u00f6sung F\u00fcr eine ausgepr\u00e4gtere Duftnote Mandarinen-Variante lieferbar Wie wirkt Bio-activeTM? Bio-activeTM\u00a0 umfasst 6 speziell kombinierte Technologien: 1. Vorbeugung gegen kalkablagerungen Ein \u201egr\u00fcner&#8220;<a class=\"excerpt-read-more\" href=\"https:\/\/kennedy-hygiene.com\/de\/produkt\/kennedys-bio-active-tm\/\" title=\"ReadKennedys Bio-active TM\">&#8230; Read more &raquo;<\/a><\/p>\n","protected":false},"featured_media":2931,"comment_status":"closed","ping_status":"closed","template":"","meta":{"_acf_changed":false},"product_brand":[],"product_cat":[923,933,203],"product_tag":[],"class_list":{"0":"post-14963","1":"product","2":"type-product","3":"status-publish","4":"has-post-thumbnail","6":"product_cat-desinfektionsmittel-verbrauchsmaterialien","7":"product_cat-verbrauchsmaterialien","8":"product_cat-desinfektionsmittel","9":"pa_scent-bio-active-mandarin","10":"pa_scent-bio-active-classic","12":"first","13":"instock","14":"product-type-variable","15":"has-default-attributes"},"acf":[],"_links":{"self":[{"href":"https:\/\/kennedy-hygiene.com\/de\/wp-json\/wp\/v2\/product\/14963","targetHints":{"allow":["GET"]}}],"collection":[{"href":"https:\/\/kennedy-hygiene.com\/de\/wp-json\/wp\/v2\/product"}],"about":[{"href":"https:\/\/kennedy-hygiene.com\/de\/wp-json\/wp\/v2\/types\/product"}],"replies":[{"embeddable":true,"href":"https:\/\/kennedy-hygiene.com\/de\/wp-json\/wp\/v2\/comments?post=14963"}],"wp:featuredmedia":[{"embeddable":true,"href":"https:\/\/kennedy-hygiene.com\/de\/wp-json\/wp\/v2\/media\/2931"}],"wp:attachment":[{"href":"https:\/\/kennedy-hygiene.com\/de\/wp-json\/wp\/v2\/media?parent=14963"}],"wp:term":[{"taxonomy":"product_brand","embeddable":true,"href":"https:\/\/kennedy-hygiene.com\/de\/wp-json\/wp\/v2\/product_brand?post=14963"},{"taxonomy":"product_cat","embeddable":true,"href":"https:\/\/kennedy-hygiene.com\/de\/wp-json\/wp\/v2\/product_cat?post=14963"},{"taxonomy":"product_tag","embeddable":true,"href":"https:\/\/kennedy-hygiene.com\/de\/wp-json\/wp\/v2\/product_tag?post=14963"}],"curies":[{"name":"wp","href":"https:\/\/api.w.org\/{rel}","templated":true}]}}