{"id":13485,"date":"2025-08-26T21:31:38","date_gmt":"2025-08-26T21:31:38","guid":{"rendered":"https:\/\/khg.squareone.digital\/product\/slim-air\/"},"modified":"2025-08-30T16:56:08","modified_gmt":"2025-08-30T16:56:08","slug":"slim-air","status":"publish","type":"product","link":"https:\/\/kennedy-hygiene.com\/de\/produkt\/slim-air\/","title":{"rendered":"Slim Air"},"content":{"rendered":"<p class=\"Normal\"><span class=\"tm5\">Slim Air ist ein passives Duftsystem mit einer innovativen Technologie.<\/span><\/p>\n<p class=\"Normal\"><span class=\"tm5\">Es bietet bis zu 60 Tage lang ein durchweg angenehmes Erlebnis. Slim Air enth\u00e4lt keine Batterien und besteht zu 89 % aus recyceltem Kunststoff.<\/span><\/p>\n<p class=\"Normal\"><span class=\"tm5\">Damit ist die perfekte Wahl f\u00fcr Unternehmen, die ihren CO2-Fu\u00dfabdruck reduzieren m\u00f6chten<\/span><span class=\"tm5\">.<\/span><\/p>\n<p class=\"tm6\"><span class=\"tm7\">Slim Air l\u00e4sst sich einfach installieren und warten, und mit dem schmalen, kompakten patentierten Design ist das System besonders platzsparend.<\/span><\/p>\n<p class=\"tm6\"><span class=\"tm7\">Es eignet sich f\u00fcr gewerbliche Waschr\u00e4ume und andere Bereiche au\u00dferhalb von Wohnr\u00e4umen.<\/span><\/p>\n<p class=\"tm6\">\n","protected":false},"excerpt":{"rendered":"<p>Slim Air ist ein passives Duftsystem mit einer innovativen Technologie. Es bietet bis zu 60 Tage lang ein durchweg angenehmes Erlebnis. Slim Air enth\u00e4lt keine Batterien und besteht zu 89 % aus recyceltem Kunststoff. Damit ist die perfekte Wahl f\u00fcr Unternehmen, die ihren CO2-Fu\u00dfabdruck reduzieren m\u00f6chten. Slim Air l\u00e4sst sich einfach installieren und warten, und<a class=\"excerpt-read-more\" href=\"https:\/\/kennedy-hygiene.com\/de\/produkt\/slim-air\/\" title=\"ReadSlim Air\">&#8230; Read more &raquo;<\/a><\/p>\n","protected":false},"featured_media":2181,"comment_status":"closed","ping_status":"closed","template":"","meta":{"_acf_changed":false},"product_brand":[],"product_cat":[219,213],"product_tag":[],"class_list":{"0":"post-13485","1":"product","2":"type-product","3":"status-publish","4":"has-post-thumbnail","6":"product_cat-lufterfrischer-ohne-aerosol","7":"product_cat-lufterfrischer","8":"pa_finish-white-de","10":"first","11":"instock","12":"shipping-taxable","13":"product-type-variable","14":"has-default-attributes"},"acf":[],"_links":{"self":[{"href":"https:\/\/kennedy-hygiene.com\/de\/wp-json\/wp\/v2\/product\/13485","targetHints":{"allow":["GET"]}}],"collection":[{"href":"https:\/\/kennedy-hygiene.com\/de\/wp-json\/wp\/v2\/product"}],"about":[{"href":"https:\/\/kennedy-hygiene.com\/de\/wp-json\/wp\/v2\/types\/product"}],"replies":[{"embeddable":true,"href":"https:\/\/kennedy-hygiene.com\/de\/wp-json\/wp\/v2\/comments?post=13485"}],"wp:featuredmedia":[{"embeddable":true,"href":"https:\/\/kennedy-hygiene.com\/de\/wp-json\/wp\/v2\/media\/2181"}],"wp:attachment":[{"href":"https:\/\/kennedy-hygiene.com\/de\/wp-json\/wp\/v2\/media?parent=13485"}],"wp:term":[{"taxonomy":"product_brand","embeddable":true,"href":"https:\/\/kennedy-hygiene.com\/de\/wp-json\/wp\/v2\/product_brand?post=13485"},{"taxonomy":"product_cat","embeddable":true,"href":"https:\/\/kennedy-hygiene.com\/de\/wp-json\/wp\/v2\/product_cat?post=13485"},{"taxonomy":"product_tag","embeddable":true,"href":"https:\/\/kennedy-hygiene.com\/de\/wp-json\/wp\/v2\/product_tag?post=13485"}],"curies":[{"name":"wp","href":"https:\/\/api.w.org\/{rel}","templated":true}]}}