{"id":13175,"date":"2025-07-21T17:11:25","date_gmt":"2025-07-21T17:11:25","guid":{"rendered":"https:\/\/khg.squareone.digital\/product\/recycled-grey-intima\/"},"modified":"2025-07-21T17:15:59","modified_gmt":"2025-07-21T17:15:59","slug":"recycled-grey-intima","status":"publish","type":"product","link":"https:\/\/kennedy-hygiene.com\/de\/produkt\/recycled-grey-intima\/","title":{"rendered":"Recycled Grey Intima"},"content":{"rendered":"<p>Recycelter grauer Intima-Beh\u00e4lter\u00a0ist ein \u00e4sthetisch ansprechender, robuster und funktioneller Beh\u00e4lter f\u00fcr Damenhygiene. Er ist mit einem Fassungsverm\u00f6gen von 23 Litern erh\u00e4ltlich und hat ein modernes, platzsparendes Design. Die Auskleidung l\u00e4sst sich leicht austauschen.<\/p>\n<p>Der Intima bietet au\u00dfergew\u00f6hnliche Funktionalit\u00e4t, Qualit\u00e4t und intelligente Funktionen, die die Wartung erleichtern, ein H\u00f6chstma\u00df an Hygiene liefern und dem Endverbraucher ein angenehmes Erlebnis bieten.<\/p>\n<p>Wie der Name schon sagt, besteht der graue Intima-Beh\u00e4lter aus recyceltem ABS-Kunststoff. Der Grauton und die Konsistenz k\u00f6nnen von Einheit zu Einheit variieren und nicht gew\u00e4hrleistet werden.<\/p>\n","protected":false},"excerpt":{"rendered":"<p>\u00d6kologischer und \u00f6konomischer Beh\u00e4lter f\u00fcr Damenhygiene<\/p>\n","protected":false},"featured_media":0,"comment_status":"closed","ping_status":"closed","template":"","meta":{"_acf_changed":false},"product_brand":[],"product_cat":[263,257],"product_tag":[],"class_list":{"0":"post-13175","1":"product","2":"type-product","3":"status-publish","5":"product_cat-sanitaere-entsorgungseinheiten","6":"product_cat-sanitaere-entsorgung","7":"pa_finish-grey-2","9":"first","10":"instock","11":"product-type-variable","12":"has-default-attributes"},"acf":[],"_links":{"self":[{"href":"https:\/\/kennedy-hygiene.com\/de\/wp-json\/wp\/v2\/product\/13175","targetHints":{"allow":["GET"]}}],"collection":[{"href":"https:\/\/kennedy-hygiene.com\/de\/wp-json\/wp\/v2\/product"}],"about":[{"href":"https:\/\/kennedy-hygiene.com\/de\/wp-json\/wp\/v2\/types\/product"}],"replies":[{"embeddable":true,"href":"https:\/\/kennedy-hygiene.com\/de\/wp-json\/wp\/v2\/comments?post=13175"}],"wp:attachment":[{"href":"https:\/\/kennedy-hygiene.com\/de\/wp-json\/wp\/v2\/media?parent=13175"}],"wp:term":[{"taxonomy":"product_brand","embeddable":true,"href":"https:\/\/kennedy-hygiene.com\/de\/wp-json\/wp\/v2\/product_brand?post=13175"},{"taxonomy":"product_cat","embeddable":true,"href":"https:\/\/kennedy-hygiene.com\/de\/wp-json\/wp\/v2\/product_cat?post=13175"},{"taxonomy":"product_tag","embeddable":true,"href":"https:\/\/kennedy-hygiene.com\/de\/wp-json\/wp\/v2\/product_tag?post=13175"}],"curies":[{"name":"wp","href":"https:\/\/api.w.org\/{rel}","templated":true}]}}