{"id":13167,"date":"2025-07-21T17:10:58","date_gmt":"2025-07-21T17:10:58","guid":{"rendered":"https:\/\/khg.squareone.digital\/product\/sigma-coreless\/"},"modified":"2025-07-21T17:15:52","modified_gmt":"2025-07-21T17:15:52","slug":"sigma-coreless","status":"publish","type":"product","link":"https:\/\/kennedy-hygiene.com\/de\/produkt\/sigma-coreless\/","title":{"rendered":"Sigma  Coreless"},"content":{"rendered":"<p>Der Toilettenpapierspender Sigma  Coreless mit zwei Rollen gew\u00e4hrleistet eine ununterbrochene Papierversorgung und bietet viel Papiervorrat in einer kompakten Einheit<\/p>\n<p>Ideal f\u00fcr wenig bis mittelstark frequentierte Bereiche, bietet es Platz f\u00fcr kernlose Toilettenrollen mit einem Au\u00dfendurchmesser von bis zu 140 mm (5,5&#8242;) und 115 mm (4,5&#8242;) Tiefe.<\/p>\n<p>Die Einheit umfasst intelligente Servicemerkmale wie den speziellen Schutzschild, der den Zugriff auf die neue Rolle automatisch verhindert, solange die Originalrolle nicht verbraucht ist, wodurch der Papierverbrauch reduziert wird.<\/p>\n","protected":false},"excerpt":{"rendered":"<p>Doppelrollenspender f\u00fcr kernlose Toilettenpapierrollen<\/p>\n","protected":false},"featured_media":0,"comment_status":"closed","ping_status":"closed","template":"","meta":{"_acf_changed":false},"product_brand":[],"product_cat":[323,269],"product_tag":[],"class_list":{"0":"post-13167","1":"product","2":"type-product","3":"status-publish","5":"product_cat-toilettenpapierspender-mit-zwei-rollen","6":"product_cat-toilettenpapier","7":"pa_finish-silver-de","8":"pa_finish-white-de","10":"first","11":"instock","12":"product-type-variable","13":"has-default-attributes"},"acf":[],"_links":{"self":[{"href":"https:\/\/kennedy-hygiene.com\/de\/wp-json\/wp\/v2\/product\/13167","targetHints":{"allow":["GET"]}}],"collection":[{"href":"https:\/\/kennedy-hygiene.com\/de\/wp-json\/wp\/v2\/product"}],"about":[{"href":"https:\/\/kennedy-hygiene.com\/de\/wp-json\/wp\/v2\/types\/product"}],"replies":[{"embeddable":true,"href":"https:\/\/kennedy-hygiene.com\/de\/wp-json\/wp\/v2\/comments?post=13167"}],"wp:attachment":[{"href":"https:\/\/kennedy-hygiene.com\/de\/wp-json\/wp\/v2\/media?parent=13167"}],"wp:term":[{"taxonomy":"product_brand","embeddable":true,"href":"https:\/\/kennedy-hygiene.com\/de\/wp-json\/wp\/v2\/product_brand?post=13167"},{"taxonomy":"product_cat","embeddable":true,"href":"https:\/\/kennedy-hygiene.com\/de\/wp-json\/wp\/v2\/product_cat?post=13167"},{"taxonomy":"product_tag","embeddable":true,"href":"https:\/\/kennedy-hygiene.com\/de\/wp-json\/wp\/v2\/product_tag?post=13167"}],"curies":[{"name":"wp","href":"https:\/\/api.w.org\/{rel}","templated":true}]}}