{"id":13159,"date":"2025-07-21T17:10:45","date_gmt":"2025-07-21T17:10:45","guid":{"rendered":"https:\/\/khg.squareone.digital\/product\/savona-max\/"},"modified":"2025-07-21T17:15:47","modified_gmt":"2025-07-21T17:15:47","slug":"savona-max","status":"publish","type":"product","link":"https:\/\/kennedy-hygiene.com\/de\/produkt\/savona-max\/","title":{"rendered":"Savona Max"},"content":{"rendered":"<p>Der Savona Max ist ein Reserve-Seifenspender mit einer der gr\u00f6\u00dften Reservekapazit\u00e4ten auf dem Markt. Der eingebaute 200-ml-Reservebeh\u00e4lter wurde entwickelt, um Verschwendung zu vermeiden und eine kontinuierliche Verf\u00fcgbarkeit von Seife f\u00fcr den Endverbraucher zu gew\u00e4hrleisten.<\/p>\n<p>Der f\u00fcr stark frequentierte Umgebungen konzipierte Spender verf\u00fcgt \u00fcber eine gro\u00dfe 800-ml-Kartusche und ist mit einer Reihe von wartungsfreundlichen Funktionen ausgestattet.<\/p>\n","protected":false},"excerpt":{"rendered":"<p>Reserve-Schaumseifenspender<\/p>\n","protected":false},"featured_media":0,"comment_status":"closed","ping_status":"closed","template":"","meta":{"_acf_changed":false},"product_brand":[],"product_cat":[249,305],"product_tag":[],"class_list":{"0":"post-13159","1":"product","2":"type-product","3":"status-publish","5":"product_cat-haendewaschen","6":"product_cat-schaumseifenspender","7":"pa_finish-white-de","9":"first","10":"instock","11":"product-type-variable","12":"has-default-attributes"},"acf":[],"_links":{"self":[{"href":"https:\/\/kennedy-hygiene.com\/de\/wp-json\/wp\/v2\/product\/13159","targetHints":{"allow":["GET"]}}],"collection":[{"href":"https:\/\/kennedy-hygiene.com\/de\/wp-json\/wp\/v2\/product"}],"about":[{"href":"https:\/\/kennedy-hygiene.com\/de\/wp-json\/wp\/v2\/types\/product"}],"replies":[{"embeddable":true,"href":"https:\/\/kennedy-hygiene.com\/de\/wp-json\/wp\/v2\/comments?post=13159"}],"wp:attachment":[{"href":"https:\/\/kennedy-hygiene.com\/de\/wp-json\/wp\/v2\/media?parent=13159"}],"wp:term":[{"taxonomy":"product_brand","embeddable":true,"href":"https:\/\/kennedy-hygiene.com\/de\/wp-json\/wp\/v2\/product_brand?post=13159"},{"taxonomy":"product_cat","embeddable":true,"href":"https:\/\/kennedy-hygiene.com\/de\/wp-json\/wp\/v2\/product_cat?post=13159"},{"taxonomy":"product_tag","embeddable":true,"href":"https:\/\/kennedy-hygiene.com\/de\/wp-json\/wp\/v2\/product_tag?post=13159"}],"curies":[{"name":"wp","href":"https:\/\/api.w.org\/{rel}","templated":true}]}}