{"id":13151,"date":"2025-07-21T17:10:32","date_gmt":"2025-07-21T17:10:32","guid":{"rendered":"https:\/\/khg.squareone.digital\/product\/pod-mk3\/"},"modified":"2025-07-21T17:15:41","modified_gmt":"2025-07-21T17:15:41","slug":"pod-mk3","status":"publish","type":"product","link":"https:\/\/kennedy-hygiene.com\/de\/produkt\/pod-mk3\/","title":{"rendered":"Pod MK3"},"content":{"rendered":"<p>Pod ist ein mechanischer Papierspender der neuen Generation, der eine der gr\u00f6\u00dften Papierkapazit\u00e4ten auf dem Markt hat. Dank des patentierten Systems zum Einlegen von Reserverollen kann eine neue Rolle eingelegt werden, bevor die vorherige vollst\u00e4ndig aufgebraucht ist, so dass kein Papier verschwendet wird. Diese Reservefunktion f\u00fchrt zu einer Einsparung des Papierverbrauchs von bis zu 14 %*.<\/p>\n<p>Der kompakte Reserve-Papiertuchspender kann verschiedene L\u00e4ngen von 1- und 2-lagigem Papier aufnehmen. Mit seinem modernen Design ist der Pod eine ausgezeichnete Wahl f\u00fcr ein effizientes und stilvolles H\u00e4ndetrocknen.<\/p>\n<p>*Je nach Papierspezifikation<\/p>\n","protected":false},"excerpt":{"rendered":"<p>Reserve-Papierrollenspender mit automatischer Trennvorrichtung<\/p>\n","protected":false},"featured_media":0,"comment_status":"closed","ping_status":"closed","template":"","meta":{"_acf_changed":false},"product_brand":[],"product_cat":[225,231],"product_tag":[],"class_list":{"0":"post-13151","1":"product","2":"type-product","3":"status-publish","5":"product_cat-haendetrocknen","6":"product_cat-papierhandtuchspender","7":"pa_finish-satin-de","8":"pa_finish-silver-de","9":"pa_finish-white-de","10":"pa_finish-chrome-de","11":"pa_finish-obsidian-de","13":"first","14":"instock","15":"product-type-variable","16":"has-default-attributes"},"acf":[],"_links":{"self":[{"href":"https:\/\/kennedy-hygiene.com\/de\/wp-json\/wp\/v2\/product\/13151","targetHints":{"allow":["GET"]}}],"collection":[{"href":"https:\/\/kennedy-hygiene.com\/de\/wp-json\/wp\/v2\/product"}],"about":[{"href":"https:\/\/kennedy-hygiene.com\/de\/wp-json\/wp\/v2\/types\/product"}],"replies":[{"embeddable":true,"href":"https:\/\/kennedy-hygiene.com\/de\/wp-json\/wp\/v2\/comments?post=13151"}],"wp:attachment":[{"href":"https:\/\/kennedy-hygiene.com\/de\/wp-json\/wp\/v2\/media?parent=13151"}],"wp:term":[{"taxonomy":"product_brand","embeddable":true,"href":"https:\/\/kennedy-hygiene.com\/de\/wp-json\/wp\/v2\/product_brand?post=13151"},{"taxonomy":"product_cat","embeddable":true,"href":"https:\/\/kennedy-hygiene.com\/de\/wp-json\/wp\/v2\/product_cat?post=13151"},{"taxonomy":"product_tag","embeddable":true,"href":"https:\/\/kennedy-hygiene.com\/de\/wp-json\/wp\/v2\/product_tag?post=13151"}],"curies":[{"name":"wp","href":"https:\/\/api.w.org\/{rel}","templated":true}]}}