{"id":13143,"date":"2025-07-21T17:10:00","date_gmt":"2025-07-21T17:10:00","guid":{"rendered":"https:\/\/khg.squareone.digital\/product\/nova-auto\/"},"modified":"2025-07-21T17:15:35","modified_gmt":"2025-07-21T17:15:35","slug":"nova-auto","status":"publish","type":"product","link":"https:\/\/kennedy-hygiene.com\/de\/produkt\/nova-auto\/","title":{"rendered":"Nova Auto"},"content":{"rendered":"<p>Der Nova Auto ist die neueste Generation der automatischen Damenhygiene-Beh\u00e4lter von Kennedy. Es handelt sich um eine verbesserte marktf\u00fchrende Einheit in bester Tradition der Intima-Beh\u00e4lter.<\/p>\n<p>Erh\u00e4ltlich in 22 L-Kapazit\u00e4t, bietet sie ein modernes und kompaktes Design f\u00fcr optimale Bodenfl\u00e4che. Dieser benutzerfreundliche und robuste Artikel erm\u00f6glicht ein Austauschen der Beutel. Der Nova Auto verk\u00f6rpert eine herausragende Funktionsf\u00e4higkeit, Qualit\u00e4t sowie einzigartige Features, die die Instandhaltung leicht machen.<\/p>\n<pre id=\"tw-target-text\" class=\"tw-data-text tw-text-large XcVN5d tw-ta\" dir=\"ltr\" data-placeholder=\"Translation\"><\/pre>\n","protected":false},"excerpt":{"rendered":"<p>Die perfekte L\u00f6sung f\u00fcr maximale Hygiene<\/p>\n","protected":false},"featured_media":0,"comment_status":"closed","ping_status":"closed","template":"","meta":{"_acf_changed":false},"product_brand":[],"product_cat":[263,257],"product_tag":[],"class_list":{"0":"post-13143","1":"product","2":"type-product","3":"status-publish","5":"product_cat-sanitaere-entsorgungseinheiten","6":"product_cat-sanitaere-entsorgung","7":"pa_finish-chrome-de","8":"pa_finish-silver-de","9":"pa_finish-white-de","11":"first","12":"instock","13":"product-type-variable","14":"has-default-attributes"},"acf":[],"_links":{"self":[{"href":"https:\/\/kennedy-hygiene.com\/de\/wp-json\/wp\/v2\/product\/13143","targetHints":{"allow":["GET"]}}],"collection":[{"href":"https:\/\/kennedy-hygiene.com\/de\/wp-json\/wp\/v2\/product"}],"about":[{"href":"https:\/\/kennedy-hygiene.com\/de\/wp-json\/wp\/v2\/types\/product"}],"replies":[{"embeddable":true,"href":"https:\/\/kennedy-hygiene.com\/de\/wp-json\/wp\/v2\/comments?post=13143"}],"wp:attachment":[{"href":"https:\/\/kennedy-hygiene.com\/de\/wp-json\/wp\/v2\/media?parent=13143"}],"wp:term":[{"taxonomy":"product_brand","embeddable":true,"href":"https:\/\/kennedy-hygiene.com\/de\/wp-json\/wp\/v2\/product_brand?post=13143"},{"taxonomy":"product_cat","embeddable":true,"href":"https:\/\/kennedy-hygiene.com\/de\/wp-json\/wp\/v2\/product_cat?post=13143"},{"taxonomy":"product_tag","embeddable":true,"href":"https:\/\/kennedy-hygiene.com\/de\/wp-json\/wp\/v2\/product_tag?post=13143"}],"curies":[{"name":"wp","href":"https:\/\/api.w.org\/{rel}","templated":true}]}}