{"id":12983,"date":"2025-07-21T16:34:00","date_gmt":"2025-07-21T16:34:00","guid":{"rendered":"https:\/\/khg.squareone.digital\/product\/auto-pod\/"},"modified":"2025-07-21T16:39:54","modified_gmt":"2025-07-21T16:39:54","slug":"auto-pod","status":"publish","type":"product","link":"https:\/\/kennedy-hygiene.com\/de\/produkt\/auto-pod\/","title":{"rendered":"Auto Pod"},"content":{"rendered":"<p>Der Auto Pod ist ein ber\u00fchrungsfreier Spender mit einer Reserverolle, der eine der gr\u00f6\u00dften Papierkapazit\u00e4ten auf dem Markt bietet. Dank seinem patentierten System zum Laden der Reserverolle kann eine neue Rolle geladen werden, bevor die erste komplett verbraucht wurde. So wird gew\u00e4hrleistet, dass kein Papier verschwendet wird.<\/p>\n<p>Mit seinem modernen Design ist der Auto Pod eine ausgezeichnete Wahl f\u00fcr effizientes und elegantes H\u00e4ndetrocknen, die dem Endbenutzer ein Maximum an Hygiene erm\u00f6glicht.<\/p>\n","protected":false},"excerpt":{"rendered":"<p>Automatischer Spender mit einer Reserve-Papierrolle<\/p>\n","protected":false},"featured_media":0,"comment_status":"closed","ping_status":"closed","template":"","meta":{"_acf_changed":false},"product_brand":[],"product_cat":[225,231],"product_tag":[],"class_list":{"0":"post-12983","1":"product","2":"type-product","3":"status-publish","5":"product_cat-haendetrocknen","6":"product_cat-papierhandtuchspender","7":"pa_finish-chrome-de","8":"pa_finish-satin-de","9":"pa_finish-silver-de","10":"pa_finish-white-de","12":"first","13":"instock","14":"product-type-variable","15":"has-default-attributes"},"acf":[],"_links":{"self":[{"href":"https:\/\/kennedy-hygiene.com\/de\/wp-json\/wp\/v2\/product\/12983","targetHints":{"allow":["GET"]}}],"collection":[{"href":"https:\/\/kennedy-hygiene.com\/de\/wp-json\/wp\/v2\/product"}],"about":[{"href":"https:\/\/kennedy-hygiene.com\/de\/wp-json\/wp\/v2\/types\/product"}],"replies":[{"embeddable":true,"href":"https:\/\/kennedy-hygiene.com\/de\/wp-json\/wp\/v2\/comments?post=12983"}],"wp:attachment":[{"href":"https:\/\/kennedy-hygiene.com\/de\/wp-json\/wp\/v2\/media?parent=12983"}],"wp:term":[{"taxonomy":"product_brand","embeddable":true,"href":"https:\/\/kennedy-hygiene.com\/de\/wp-json\/wp\/v2\/product_brand?post=12983"},{"taxonomy":"product_cat","embeddable":true,"href":"https:\/\/kennedy-hygiene.com\/de\/wp-json\/wp\/v2\/product_cat?post=12983"},{"taxonomy":"product_tag","embeddable":true,"href":"https:\/\/kennedy-hygiene.com\/de\/wp-json\/wp\/v2\/product_tag?post=12983"}],"curies":[{"name":"wp","href":"https:\/\/api.w.org\/{rel}","templated":true}]}}