{"id":12975,"date":"2025-07-21T16:33:50","date_gmt":"2025-07-21T16:33:50","guid":{"rendered":"https:\/\/khg.squareone.digital\/product\/hand-desinfektion-smittel-stander\/"},"modified":"2025-07-21T16:39:48","modified_gmt":"2025-07-21T16:39:48","slug":"hand-desinfektion-smittel-stander","status":"publish","type":"product","link":"https:\/\/kennedy-hygiene.com\/de\/produkt\/hand-desinfektion-smittel-stander\/","title":{"rendered":"Hand desinfektion smittel &#8211; St\u00e4nder"},"content":{"rendered":"<p>Der von Kennedy hergestellte St\u00e4nder* ist f\u00fcr den Gebrauch mit dem ber\u00fchrungsfreien Savona Auto Handdesinfektionsmittel-Spender vorgesehen.<\/p>\n<p>Dieser praktische St\u00e4nder f\u00fcr automatische Handdesinfektionsmittel-Spender eignet sich f\u00fcr Empfangsbereiche und sonstige Umgebungen mit viel Menschenverkehr einschlie\u00dflich Krankenh\u00e4user und Superm\u00e4rkte.<\/p>\n<p>Das Handdesinfektionsgel erf\u00fcllt die antimikrobiellen Vorgaben der EN1500 Norm.<\/p>\n<p>&nbsp;<\/p>\n<p>* Spender nicht inklusive<\/p>\n","protected":false},"excerpt":{"rendered":"<p>St\u00e4nder f\u00fcr automatische Spender<\/p>\n","protected":false},"featured_media":0,"comment_status":"closed","ping_status":"closed","template":"","meta":{"_acf_changed":false},"product_brand":[],"product_cat":[249],"product_tag":[],"class_list":{"0":"post-12975","1":"product","2":"type-product","3":"status-publish","5":"product_cat-haendewaschen","6":"pa_finish-white-de","8":"first","9":"instock","10":"product-type-variable","11":"has-default-attributes"},"acf":[],"_links":{"self":[{"href":"https:\/\/kennedy-hygiene.com\/de\/wp-json\/wp\/v2\/product\/12975","targetHints":{"allow":["GET"]}}],"collection":[{"href":"https:\/\/kennedy-hygiene.com\/de\/wp-json\/wp\/v2\/product"}],"about":[{"href":"https:\/\/kennedy-hygiene.com\/de\/wp-json\/wp\/v2\/types\/product"}],"replies":[{"embeddable":true,"href":"https:\/\/kennedy-hygiene.com\/de\/wp-json\/wp\/v2\/comments?post=12975"}],"wp:attachment":[{"href":"https:\/\/kennedy-hygiene.com\/de\/wp-json\/wp\/v2\/media?parent=12975"}],"wp:term":[{"taxonomy":"product_brand","embeddable":true,"href":"https:\/\/kennedy-hygiene.com\/de\/wp-json\/wp\/v2\/product_brand?post=12975"},{"taxonomy":"product_cat","embeddable":true,"href":"https:\/\/kennedy-hygiene.com\/de\/wp-json\/wp\/v2\/product_cat?post=12975"},{"taxonomy":"product_tag","embeddable":true,"href":"https:\/\/kennedy-hygiene.com\/de\/wp-json\/wp\/v2\/product_tag?post=12975"}],"curies":[{"name":"wp","href":"https:\/\/api.w.org\/{rel}","templated":true}]}}