{"id":12967,"date":"2025-07-21T16:33:39","date_gmt":"2025-07-21T16:33:39","guid":{"rendered":"https:\/\/khg.squareone.digital\/product\/nova\/"},"modified":"2025-07-21T16:39:44","modified_gmt":"2025-07-21T16:39:44","slug":"nova","status":"publish","type":"product","link":"https:\/\/kennedy-hygiene.com\/de\/produkt\/nova\/","title":{"rendered":"Nova"},"content":{"rendered":"<p>Nova ist eine von Kennedy produzierte top-moderne Einheit f\u00fcr Damenhygiene-Produkte Diese verbesserte marktf\u00fchrende Einheit in bester Tradition der Intima-Palette ist in einer 22 L-Kapazit\u00e4t erh\u00e4ltlich.<\/p>\n<p>Sie erm\u00f6glicht einen Austausch der Beutel und verk\u00f6rpert herausragende Funktionalit\u00e4t, Qualit\u00e4t und einzigartige Features, die die Instandhaltung erleichtern.<\/p>\n","protected":false},"excerpt":{"rendered":"<p>Elegantes Damenhygieneprodukt mit optimaler Funktionalit\u00e4t<\/p>\n","protected":false},"featured_media":0,"comment_status":"closed","ping_status":"closed","template":"","meta":{"_acf_changed":false},"product_brand":[],"product_cat":[263,257],"product_tag":[],"class_list":{"0":"post-12967","1":"product","2":"type-product","3":"status-publish","5":"product_cat-sanitaere-entsorgungseinheiten","6":"product_cat-sanitaere-entsorgung","7":"pa_finish-white-de","8":"pa_finish-chrome-de","9":"pa_finish-obsidian-de","10":"pa_finish-silver-de","12":"first","13":"instock","14":"product-type-variable","15":"has-default-attributes"},"acf":[],"_links":{"self":[{"href":"https:\/\/kennedy-hygiene.com\/de\/wp-json\/wp\/v2\/product\/12967","targetHints":{"allow":["GET"]}}],"collection":[{"href":"https:\/\/kennedy-hygiene.com\/de\/wp-json\/wp\/v2\/product"}],"about":[{"href":"https:\/\/kennedy-hygiene.com\/de\/wp-json\/wp\/v2\/types\/product"}],"replies":[{"embeddable":true,"href":"https:\/\/kennedy-hygiene.com\/de\/wp-json\/wp\/v2\/comments?post=12967"}],"wp:attachment":[{"href":"https:\/\/kennedy-hygiene.com\/de\/wp-json\/wp\/v2\/media?parent=12967"}],"wp:term":[{"taxonomy":"product_brand","embeddable":true,"href":"https:\/\/kennedy-hygiene.com\/de\/wp-json\/wp\/v2\/product_brand?post=12967"},{"taxonomy":"product_cat","embeddable":true,"href":"https:\/\/kennedy-hygiene.com\/de\/wp-json\/wp\/v2\/product_cat?post=12967"},{"taxonomy":"product_tag","embeddable":true,"href":"https:\/\/kennedy-hygiene.com\/de\/wp-json\/wp\/v2\/product_tag?post=12967"}],"curies":[{"name":"wp","href":"https:\/\/api.w.org\/{rel}","templated":true}]}}