{"id":12959,"date":"2025-07-21T16:33:08","date_gmt":"2025-07-21T16:33:08","guid":{"rendered":"https:\/\/khg.squareone.digital\/product\/hycare\/"},"modified":"2025-07-21T16:39:39","modified_gmt":"2025-07-21T16:39:39","slug":"hycare","status":"publish","type":"product","link":"https:\/\/kennedy-hygiene.com\/de\/produkt\/hycare\/","title":{"rendered":"Hycare"},"content":{"rendered":"<p>Hycare ist ein moderner, robuster und belastbarer Spender f\u00fcr Baumwollhandt\u00fccher.<\/p>\n<p>Dieser vollautomatische Handtuchspender mit seitlicher Bedienung bietet erstklassige Hygiene und \u00f6kologische Vorteile und macht das Trocknen von H\u00e4nden zu einem luxuri\u00f6sen Erlebnis.<\/p>\n<p>In der aus zwei Kammern bestehenden Einheit werden der saubere und der benutzte Abschnitt des Handtuchs voneinander getrennt, wodurch eine Kreuzkontamination verhindert wird. Das vorgewaschene Baumwollhandtuch bietet eine hervorragende Saugf\u00e4higkeit und erstklassige Hygienestandards.<\/p>\n<p>Es handelt sich um ein nat\u00fcrliches biologisch abbaubares Produkt, wodurch dieses System zu einer positiven Wahl f\u00fcr die Umgebung wird.<\/p>\n","protected":false},"excerpt":{"rendered":"<p>Automatischer Spender f\u00fcr Baumwollhandt\u00fccher<\/p>\n","protected":false},"featured_media":15601,"comment_status":"closed","ping_status":"closed","template":"","meta":{"_acf_changed":false},"product_brand":[],"product_cat":[225,251],"product_tag":[],"class_list":{"0":"post-12959","1":"product","2":"type-product","3":"status-publish","4":"has-post-thumbnail","6":"product_cat-haendetrocknen","7":"product_cat-baumwollrollen-handtuchspender-de","8":"pa_finish-white-de","10":"first","11":"instock","12":"product-type-variable","13":"has-default-attributes"},"acf":[],"_links":{"self":[{"href":"https:\/\/kennedy-hygiene.com\/de\/wp-json\/wp\/v2\/product\/12959","targetHints":{"allow":["GET"]}}],"collection":[{"href":"https:\/\/kennedy-hygiene.com\/de\/wp-json\/wp\/v2\/product"}],"about":[{"href":"https:\/\/kennedy-hygiene.com\/de\/wp-json\/wp\/v2\/types\/product"}],"replies":[{"embeddable":true,"href":"https:\/\/kennedy-hygiene.com\/de\/wp-json\/wp\/v2\/comments?post=12959"}],"wp:featuredmedia":[{"embeddable":true,"href":"https:\/\/kennedy-hygiene.com\/de\/wp-json\/wp\/v2\/media\/15601"}],"wp:attachment":[{"href":"https:\/\/kennedy-hygiene.com\/de\/wp-json\/wp\/v2\/media?parent=12959"}],"wp:term":[{"taxonomy":"product_brand","embeddable":true,"href":"https:\/\/kennedy-hygiene.com\/de\/wp-json\/wp\/v2\/product_brand?post=12959"},{"taxonomy":"product_cat","embeddable":true,"href":"https:\/\/kennedy-hygiene.com\/de\/wp-json\/wp\/v2\/product_cat?post=12959"},{"taxonomy":"product_tag","embeddable":true,"href":"https:\/\/kennedy-hygiene.com\/de\/wp-json\/wp\/v2\/product_tag?post=12959"}],"curies":[{"name":"wp","href":"https:\/\/api.w.org\/{rel}","templated":true}]}}