{"id":12957,"date":"2025-07-21T16:32:47","date_gmt":"2025-07-21T16:32:47","guid":{"rendered":"https:\/\/khg.squareone.digital\/product\/savona-auto-schaum-seifen-spender\/"},"modified":"2025-07-21T16:39:32","modified_gmt":"2025-07-21T16:39:32","slug":"savona-auto-schaum-seifen-spender","status":"publish","type":"product","link":"https:\/\/kennedy-hygiene.com\/de\/produkt\/savona-auto-schaum-seifen-spender\/","title":{"rendered":"Savona  Auto Schaum seifen spender"},"content":{"rendered":"<p>Das Savona  Auto-Spendersortiment stellt eine ultrahygienische L\u00f6sung f\u00fcr das H\u00e4ndewaschen bereit. Dieser automatische Seifenspender mit seiner ber\u00fchrungslosen Infrarot-Technologie und schnellen Dosis-Bereitstellung geh\u00f6rt zu den benutzerfreundlichsten Seifenspendern seiner Art.<\/p>\n<p>Das Savona  Auto-Sortiment umfasst zwei Versionen \u2013 einen Schaum- und einen Fl\u00fcssigseifenspender.\u00a0Der Savona  Schaumseifenspender liefert mit nur einer Dosis ein gro\u00dfes Schaumvolumen und ist daher eine \u00e4u\u00dferst sparsame Option zum H\u00e4ndewaschen. Der Spender, der f\u00fcr alle Handwaschumgebungen entwickelt wurde, hat eine gro\u00dfe 800 ml\/2000-Dosen-Patrone und vereinigt viele servicefreundliche Merkmale.<\/p>\n<p>Dank seines \u00e4u\u00dferst energieeffizienten elektronischen Moduls spendet dieser Seifenspender mit lediglich 2 individuellen D-Cell-Batterien bis zu 85 Flaschen \u00e0 800 ml Schaumseife\u00a0 so dass Ihre Betriebskosten au\u00dferordentlich niedrig bleiben.<\/p>\n<p>Die Spender sind mit einer Auswahl kundenspezifischer Eins\u00e4tze bzw. in den attraktiven Endausf\u00fchrungsvarianten von Kennedy lieferbar.<\/p>\n","protected":false},"excerpt":{"rendered":"<p>Elektronischer ber\u00fchrungsloser automatischer Seifenspender<\/p>\n","protected":false},"featured_media":0,"comment_status":"closed","ping_status":"closed","template":"","meta":{"_acf_changed":false},"product_brand":[],"product_cat":[249,305],"product_tag":[],"class_list":{"0":"post-12957","1":"product","2":"type-product","3":"status-publish","5":"product_cat-haendewaschen","6":"product_cat-schaumseifenspender","7":"pa_finish-chrome-de","8":"pa_finish-satin-de","9":"pa_finish-silver-de","10":"pa_finish-white-de","12":"first","13":"instock","14":"product-type-variable","15":"has-default-attributes"},"acf":[],"_links":{"self":[{"href":"https:\/\/kennedy-hygiene.com\/de\/wp-json\/wp\/v2\/product\/12957","targetHints":{"allow":["GET"]}}],"collection":[{"href":"https:\/\/kennedy-hygiene.com\/de\/wp-json\/wp\/v2\/product"}],"about":[{"href":"https:\/\/kennedy-hygiene.com\/de\/wp-json\/wp\/v2\/types\/product"}],"replies":[{"embeddable":true,"href":"https:\/\/kennedy-hygiene.com\/de\/wp-json\/wp\/v2\/comments?post=12957"}],"wp:attachment":[{"href":"https:\/\/kennedy-hygiene.com\/de\/wp-json\/wp\/v2\/media?parent=12957"}],"wp:term":[{"taxonomy":"product_brand","embeddable":true,"href":"https:\/\/kennedy-hygiene.com\/de\/wp-json\/wp\/v2\/product_brand?post=12957"},{"taxonomy":"product_cat","embeddable":true,"href":"https:\/\/kennedy-hygiene.com\/de\/wp-json\/wp\/v2\/product_cat?post=12957"},{"taxonomy":"product_tag","embeddable":true,"href":"https:\/\/kennedy-hygiene.com\/de\/wp-json\/wp\/v2\/product_tag?post=12957"}],"curies":[{"name":"wp","href":"https:\/\/api.w.org\/{rel}","templated":true}]}}