{"id":12943,"date":"2025-07-21T16:32:47","date_gmt":"2025-07-21T16:32:47","guid":{"rendered":"https:\/\/khg.squareone.digital\/product\/ladybin-auto\/"},"modified":"2025-07-21T16:39:28","modified_gmt":"2025-07-21T16:39:28","slug":"ladybin-auto","status":"publish","type":"product","link":"https:\/\/kennedy-hygiene.com\/de\/produkt\/ladybin-auto\/","title":{"rendered":"Ladybin Auto"},"content":{"rendered":"<p>Ladybin ist eine moderne 23-Liter-Damenhygieneeinheit mit maximaler Abfallaufnahmekapazit\u00e4t bei minimaler Stellfl\u00e4che. Die Einheit eignet sich f\u00fcr den Einsatz-wechselservice und ist in einer manuellen und elektronischen ber\u00fchrungsfreien Version lieferbar.<\/p>\n<p>Die robuste Ladybin Auto -Einheit besteht aus qualitativ hochwertigen Materialien. Sie vereinigt intelligente servicefreundliche Merkmale und bietet maximale Hygiene f\u00fcr h\u00f6chstm\u00f6gliche Anwenderzufriedenheit.<\/p>\n","protected":false},"excerpt":{"rendered":"<p>Moderne automatische Damenhygieneeinheit<\/p>\n","protected":false},"featured_media":0,"comment_status":"closed","ping_status":"closed","template":"","meta":{"_acf_changed":false},"product_brand":[],"product_cat":[263,257],"product_tag":[],"class_list":{"0":"post-12943","1":"product","2":"type-product","3":"status-publish","5":"product_cat-sanitaere-entsorgungseinheiten","6":"product_cat-sanitaere-entsorgung","7":"pa_finish-silver-de","8":"pa_finish-white-de","10":"first","11":"instock","12":"product-type-variable","13":"has-default-attributes"},"acf":[],"_links":{"self":[{"href":"https:\/\/kennedy-hygiene.com\/de\/wp-json\/wp\/v2\/product\/12943","targetHints":{"allow":["GET"]}}],"collection":[{"href":"https:\/\/kennedy-hygiene.com\/de\/wp-json\/wp\/v2\/product"}],"about":[{"href":"https:\/\/kennedy-hygiene.com\/de\/wp-json\/wp\/v2\/types\/product"}],"replies":[{"embeddable":true,"href":"https:\/\/kennedy-hygiene.com\/de\/wp-json\/wp\/v2\/comments?post=12943"}],"wp:attachment":[{"href":"https:\/\/kennedy-hygiene.com\/de\/wp-json\/wp\/v2\/media?parent=12943"}],"wp:term":[{"taxonomy":"product_brand","embeddable":true,"href":"https:\/\/kennedy-hygiene.com\/de\/wp-json\/wp\/v2\/product_brand?post=12943"},{"taxonomy":"product_cat","embeddable":true,"href":"https:\/\/kennedy-hygiene.com\/de\/wp-json\/wp\/v2\/product_cat?post=12943"},{"taxonomy":"product_tag","embeddable":true,"href":"https:\/\/kennedy-hygiene.com\/de\/wp-json\/wp\/v2\/product_tag?post=12943"}],"curies":[{"name":"wp","href":"https:\/\/api.w.org\/{rel}","templated":true}]}}