{"id":12633,"date":"2025-07-21T15:34:23","date_gmt":"2025-07-21T15:34:23","guid":{"rendered":"https:\/\/khg.squareone.digital\/product\/intima-auto\/"},"modified":"2025-07-21T15:41:09","modified_gmt":"2025-07-21T15:41:09","slug":"intima-auto","status":"publish","type":"product","link":"https:\/\/kennedy-hygiene.com\/de\/produkt\/intima-auto\/","title":{"rendered":"Intima Auto"},"content":{"rendered":"<p>Intima Auto wurde als Reaktion auf die Marktnachfrage nach einer \u00e4sthetisch anspruchsvollen, robusten und servicefreundlichem Damenhygieneeinheit entwickelt. Kennedy&#8217;s Intima etablierte sich innerhalb k\u00fcrzester Frist als die marktf\u00fchrende Damenhygieneeinheit.<\/p>\n<p>Intima und Intima Mini sind in kompakten 23- und 15-Liter-Modellen erh\u00e4ltlich und kombinieren eine gro\u00dfe Abfallaufnahmekapazit\u00e4t mit einem schnittigen, modernen und kompakten Design bei minimaler Standfl\u00e4che. Beide Modelle eignen sich f\u00fcr den Einsatz-wechselservice und zeichnen sich durch ihre au\u00dfergew\u00f6hnliche Funktionalit\u00e4t, Qualit\u00e4t und servicefreundlichen Merkmale aus. Die Einheiten sind in allen Endausf\u00fchrungsvarianten von Kennedy lieferbar.<\/p>\n","protected":false},"excerpt":{"rendered":"<p>Marktf\u00fchrende automatische Damenhygieneeinheit<\/p>\n","protected":false},"featured_media":0,"comment_status":"closed","ping_status":"closed","template":"","meta":{"_acf_changed":false},"product_brand":[],"product_cat":[263,257],"product_tag":[],"class_list":{"0":"post-12633","1":"product","2":"type-product","3":"status-publish","5":"product_cat-sanitaere-entsorgungseinheiten","6":"product_cat-sanitaere-entsorgung","7":"pa_finish-silver-de","8":"pa_finish-white-de","9":"pa_finish-grey-2","10":"pa_finish-chrome-de","12":"first","13":"instock","14":"product-type-variable","15":"has-default-attributes"},"acf":[],"_links":{"self":[{"href":"https:\/\/kennedy-hygiene.com\/de\/wp-json\/wp\/v2\/product\/12633","targetHints":{"allow":["GET"]}}],"collection":[{"href":"https:\/\/kennedy-hygiene.com\/de\/wp-json\/wp\/v2\/product"}],"about":[{"href":"https:\/\/kennedy-hygiene.com\/de\/wp-json\/wp\/v2\/types\/product"}],"replies":[{"embeddable":true,"href":"https:\/\/kennedy-hygiene.com\/de\/wp-json\/wp\/v2\/comments?post=12633"}],"wp:attachment":[{"href":"https:\/\/kennedy-hygiene.com\/de\/wp-json\/wp\/v2\/media?parent=12633"}],"wp:term":[{"taxonomy":"product_brand","embeddable":true,"href":"https:\/\/kennedy-hygiene.com\/de\/wp-json\/wp\/v2\/product_brand?post=12633"},{"taxonomy":"product_cat","embeddable":true,"href":"https:\/\/kennedy-hygiene.com\/de\/wp-json\/wp\/v2\/product_cat?post=12633"},{"taxonomy":"product_tag","embeddable":true,"href":"https:\/\/kennedy-hygiene.com\/de\/wp-json\/wp\/v2\/product_tag?post=12633"}],"curies":[{"name":"wp","href":"https:\/\/api.w.org\/{rel}","templated":true}]}}