{"id":12623,"date":"2025-07-21T15:33:32","date_gmt":"2025-07-21T15:33:32","guid":{"rendered":"https:\/\/khg.squareone.digital\/product\/horizontaler-wickeltisch\/"},"modified":"2025-07-21T15:40:54","modified_gmt":"2025-07-21T15:40:54","slug":"horizontaler-wickeltisch","status":"publish","type":"product","link":"https:\/\/kennedy-hygiene.com\/de\/produkt\/horizontaler-wickeltisch\/","title":{"rendered":"Horizontaler Wickeltisch"},"content":{"rendered":"<p>Der Baby-Wickeltisch wurde f\u00fcr sicheres und hygienisches Windelwechseln in \u00f6ffentlichen Waschraumbereichen entwickelt.<\/p>\n<p>Jeder Tisch wird mit einem selbsthaftenden Aluminiumschild f\u00fcr die Waschraumt\u00fcr geliefert, um anzuzeigen, dass sich dort eine Wickeleinheit befindet.<\/p>\n<p>Der Beutel mit den Wickelutensilien des Kindes kann an den Beutelhaltern, die sich an jedem Ende des Wickeltischs befinden, f\u00fcr einen problemlosen Zugriff sicher aufgeh\u00e4ngt werden, wobei der zweite Haken f\u00fcr eine Handtasche, eine Einkaufstasche, eine Jacke usw. geeignet ist.<\/p>\n","protected":false},"excerpt":{"rendered":"<p>Robuste Windelwechseleinheit mit Wandmontage<\/p>\n","protected":false},"featured_media":0,"comment_status":"closed","ping_status":"closed","template":"","meta":{"_acf_changed":false},"product_brand":[],"product_cat":[333,237],"product_tag":[],"class_list":{"0":"post-12623","1":"product","2":"type-product","3":"status-publish","5":"product_cat-horizontaler-wickeltisch","6":"product_cat-baby-hygiene","7":"pa_finish-grey-2","9":"first","10":"instock","11":"product-type-variable","12":"has-default-attributes"},"acf":[],"_links":{"self":[{"href":"https:\/\/kennedy-hygiene.com\/de\/wp-json\/wp\/v2\/product\/12623","targetHints":{"allow":["GET"]}}],"collection":[{"href":"https:\/\/kennedy-hygiene.com\/de\/wp-json\/wp\/v2\/product"}],"about":[{"href":"https:\/\/kennedy-hygiene.com\/de\/wp-json\/wp\/v2\/types\/product"}],"replies":[{"embeddable":true,"href":"https:\/\/kennedy-hygiene.com\/de\/wp-json\/wp\/v2\/comments?post=12623"}],"wp:attachment":[{"href":"https:\/\/kennedy-hygiene.com\/de\/wp-json\/wp\/v2\/media?parent=12623"}],"wp:term":[{"taxonomy":"product_brand","embeddable":true,"href":"https:\/\/kennedy-hygiene.com\/de\/wp-json\/wp\/v2\/product_brand?post=12623"},{"taxonomy":"product_cat","embeddable":true,"href":"https:\/\/kennedy-hygiene.com\/de\/wp-json\/wp\/v2\/product_cat?post=12623"},{"taxonomy":"product_tag","embeddable":true,"href":"https:\/\/kennedy-hygiene.com\/de\/wp-json\/wp\/v2\/product_tag?post=12623"}],"curies":[{"name":"wp","href":"https:\/\/api.w.org\/{rel}","templated":true}]}}