{"id":12609,"date":"2025-07-21T15:33:32","date_gmt":"2025-07-21T15:33:32","guid":{"rendered":"https:\/\/khg.squareone.digital\/product\/bambina\/"},"modified":"2025-07-21T15:40:51","modified_gmt":"2025-07-21T15:40:51","slug":"bambina","status":"publish","type":"product","link":"https:\/\/kennedy-hygiene.com\/de\/produkt\/bambina\/","title":{"rendered":"Bambina"},"content":{"rendered":"<p>Bambina ist ein 50 Liter Windelbeh\u00e4lter mit Pedalbedienung und integriertem Geruchskontrollsystem. Er wurde als Antwort auf die Bed\u00fcrfnisse des Marktes nach einem robusten und \u00e4sthetisch anspruchsvollen Beh\u00e4lter mit Pedalbedienung entwickelt und umfasst viele praktische Service- und anwenderfreundliche Funktionen.<\/p>\n<p>Die Einheit hat eine hohe Abfallaufnahmekapazit\u00e4t und zeichnet sich dennoch durch ein kompaktes, modernes und attraktives Design aus. Um maximale Hygiene zu gew\u00e4hrleisten, wird Bambina mit einem Pedal bedient und hat ein einzigartiges integriertes Geruchskontrollsystem, was f\u00fcr den Endanwender besonders angenehm ist.<\/p>\n<p>Das wichtigste servicefreundliche Merkmal ist der herausnehmbare Hygienebeh\u00e4lter, der die Innenseite der Einheit vor Verschmutzung sch\u00fctzt und kann herausgenommen und damit leicht gereinigt werden.<\/p>\n","protected":false},"excerpt":{"rendered":"<p>Windelbeh\u00e4lter mit Pedalbedienung<\/p>\n","protected":false},"featured_media":0,"comment_status":"closed","ping_status":"closed","template":"","meta":{"_acf_changed":false},"product_brand":[],"product_cat":[243,237],"product_tag":[],"class_list":{"0":"post-12609","1":"product","2":"type-product","3":"status-publish","5":"product_cat-windelbehaelter","6":"product_cat-baby-hygiene","7":"pa_finish-yellow-3","8":"pa_finish-white-de","9":"pa_finish-grey-2","11":"first","12":"instock","13":"product-type-variable","14":"has-default-attributes"},"acf":[],"_links":{"self":[{"href":"https:\/\/kennedy-hygiene.com\/de\/wp-json\/wp\/v2\/product\/12609","targetHints":{"allow":["GET"]}}],"collection":[{"href":"https:\/\/kennedy-hygiene.com\/de\/wp-json\/wp\/v2\/product"}],"about":[{"href":"https:\/\/kennedy-hygiene.com\/de\/wp-json\/wp\/v2\/types\/product"}],"replies":[{"embeddable":true,"href":"https:\/\/kennedy-hygiene.com\/de\/wp-json\/wp\/v2\/comments?post=12609"}],"wp:attachment":[{"href":"https:\/\/kennedy-hygiene.com\/de\/wp-json\/wp\/v2\/media?parent=12609"}],"wp:term":[{"taxonomy":"product_brand","embeddable":true,"href":"https:\/\/kennedy-hygiene.com\/de\/wp-json\/wp\/v2\/product_brand?post=12609"},{"taxonomy":"product_cat","embeddable":true,"href":"https:\/\/kennedy-hygiene.com\/de\/wp-json\/wp\/v2\/product_cat?post=12609"},{"taxonomy":"product_tag","embeddable":true,"href":"https:\/\/kennedy-hygiene.com\/de\/wp-json\/wp\/v2\/product_tag?post=12609"}],"curies":[{"name":"wp","href":"https:\/\/api.w.org\/{rel}","templated":true}]}}