{"id":12601,"date":"2025-07-21T15:33:04","date_gmt":"2025-07-21T15:33:04","guid":{"rendered":"https:\/\/khg.squareone.digital\/product\/activa\/"},"modified":"2025-07-21T15:40:45","modified_gmt":"2025-07-21T15:40:45","slug":"activa","status":"publish","type":"product","link":"https:\/\/kennedy-hygiene.com\/de\/produkt\/activa\/","title":{"rendered":"Activa"},"content":{"rendered":"<p>Activa ist ein voll programmierbarer Sanitizer, der speziell f\u00fcr Dienstleister entwickelt wurde. Mit seinem modernen Design bietet Activa eine Komplettl\u00f6sung zur wirksamen Vorbeugung gegen Kalkablagerungen, Bakterienwachstum und unangenehme Ger\u00fcche in Urinalen, WCs und deren Rohrleitungen und ist ebenso flexibel wie praktisch. Die Einheit ist in allen attraktiven Endausf\u00fchrungsvarianten von Kennedy lieferbar.<\/p>\n<p>Das Herzst\u00fcck des Systems ist Bio-active, eine fortschrittliche, hoch wirksame 3-in-1 Desinfektionsfl\u00fcssigkeit, die auf nat\u00fcrlichen Inhaltsstoffen beruht. Bio-active neutralisiert \u00fcble Ger\u00fcche, indem sie Kalkablagerungen vorbeugt und das Wachstum sch\u00e4dlicher Bakterien kontrolliert.<\/p>\n","protected":false},"excerpt":{"rendered":"<p>Voll programmierbarer Sanitizer f\u00fcr Urinale &#038; WCs<\/p>\n","protected":false},"featured_media":0,"comment_status":"closed","ping_status":"closed","template":"","meta":{"_acf_changed":false},"product_brand":[],"product_cat":[205,203],"product_tag":[],"class_list":{"0":"post-12601","1":"product","2":"type-product","3":"status-publish","5":"product_cat-desinfektionsmittel-fuer-urinale-wcs","6":"product_cat-desinfektionsmittel","7":"pa_finish-silver-de","8":"pa_finish-white-de","9":"pa_finish-chrome-de","11":"first","12":"instock","13":"product-type-variable","14":"has-default-attributes"},"acf":[],"_links":{"self":[{"href":"https:\/\/kennedy-hygiene.com\/de\/wp-json\/wp\/v2\/product\/12601","targetHints":{"allow":["GET"]}}],"collection":[{"href":"https:\/\/kennedy-hygiene.com\/de\/wp-json\/wp\/v2\/product"}],"about":[{"href":"https:\/\/kennedy-hygiene.com\/de\/wp-json\/wp\/v2\/types\/product"}],"replies":[{"embeddable":true,"href":"https:\/\/kennedy-hygiene.com\/de\/wp-json\/wp\/v2\/comments?post=12601"}],"wp:attachment":[{"href":"https:\/\/kennedy-hygiene.com\/de\/wp-json\/wp\/v2\/media?parent=12601"}],"wp:term":[{"taxonomy":"product_brand","embeddable":true,"href":"https:\/\/kennedy-hygiene.com\/de\/wp-json\/wp\/v2\/product_brand?post=12601"},{"taxonomy":"product_cat","embeddable":true,"href":"https:\/\/kennedy-hygiene.com\/de\/wp-json\/wp\/v2\/product_cat?post=12601"},{"taxonomy":"product_tag","embeddable":true,"href":"https:\/\/kennedy-hygiene.com\/de\/wp-json\/wp\/v2\/product_tag?post=12601"}],"curies":[{"name":"wp","href":"https:\/\/api.w.org\/{rel}","templated":true}]}}