{"id":12343,"date":"2025-07-21T15:10:00","date_gmt":"2025-07-21T15:10:00","guid":{"rendered":"https:\/\/khg.squareone.digital\/product\/seatsan-auto\/"},"modified":"2025-07-21T15:19:47","modified_gmt":"2025-07-21T15:19:47","slug":"seatsan-auto","status":"publish","type":"product","link":"https:\/\/kennedy-hygiene.com\/de\/produkt\/seatsan-auto\/","title":{"rendered":"Seatsan  Auto"},"content":{"rendered":"<p>Auto Seatsan  bietet eine ultrahygienische L\u00f6sung f\u00fcr die Desinfektion von Toilettensitzen. Die Einheit spendet viriziden\/bakteriziden Toilettensitz-Sanitizingschaum. Mit dem \u00e4u\u00dferst sparsamen Schaum, der 99,99 % aller auf Toilettensitzen angesiedelten Bakterien abt\u00f6tet, wird der Verbrauchsmittelverbrauch gegen\u00fcber einem vergleichbaren fl\u00fcssigen Sanitizer um 30 % gesenkt. Dar\u00fcber hinaus entspricht das Verbrauchsmaterial europ\u00e4ischen Standards im Hinblick auf Bakterien und Pilze.<\/p>\n<p>Dank seines \u00e4u\u00dferst energieeffizienten elektronischen Moduls spendet Auto Seatsan  mit lediglich 2 individuellen D-Cell-Batterien bis zu 85 Flaschen \u00e0 800 ml Toilettensitz-Sanitizingschaum, so dass Ihre Betriebskosten au\u00dferordentlich niedrig bleiben.<\/p>\n","protected":false},"excerpt":{"rendered":"<p>Ber\u00fchrungsfreier Sanitizingschaumspender f\u00fcr Toilettensitze<\/p>\n","protected":false},"featured_media":0,"comment_status":"closed","ping_status":"closed","template":"","meta":{"_acf_changed":false},"product_brand":[],"product_cat":[607,203],"product_tag":[],"class_list":{"0":"post-12343","1":"product","2":"type-product","3":"status-publish","5":"product_cat-desinfektionsmittel-fur-toilettensitze","6":"product_cat-desinfektionsmittel","7":"pa_finish-chrome-de","8":"pa_finish-silver-de","9":"pa_finish-white-de","11":"first","12":"instock","13":"product-type-variable","14":"has-default-attributes"},"acf":[],"_links":{"self":[{"href":"https:\/\/kennedy-hygiene.com\/de\/wp-json\/wp\/v2\/product\/12343","targetHints":{"allow":["GET"]}}],"collection":[{"href":"https:\/\/kennedy-hygiene.com\/de\/wp-json\/wp\/v2\/product"}],"about":[{"href":"https:\/\/kennedy-hygiene.com\/de\/wp-json\/wp\/v2\/types\/product"}],"replies":[{"embeddable":true,"href":"https:\/\/kennedy-hygiene.com\/de\/wp-json\/wp\/v2\/comments?post=12343"}],"wp:attachment":[{"href":"https:\/\/kennedy-hygiene.com\/de\/wp-json\/wp\/v2\/media?parent=12343"}],"wp:term":[{"taxonomy":"product_brand","embeddable":true,"href":"https:\/\/kennedy-hygiene.com\/de\/wp-json\/wp\/v2\/product_brand?post=12343"},{"taxonomy":"product_cat","embeddable":true,"href":"https:\/\/kennedy-hygiene.com\/de\/wp-json\/wp\/v2\/product_cat?post=12343"},{"taxonomy":"product_tag","embeddable":true,"href":"https:\/\/kennedy-hygiene.com\/de\/wp-json\/wp\/v2\/product_tag?post=12343"}],"curies":[{"name":"wp","href":"https:\/\/api.w.org\/{rel}","templated":true}]}}