{"id":12335,"date":"2025-07-21T15:09:29","date_gmt":"2025-07-21T15:09:29","guid":{"rendered":"https:\/\/khg.squareone.digital\/product\/seatsan\/"},"modified":"2025-07-21T15:19:39","modified_gmt":"2025-07-21T15:19:39","slug":"seatsan","status":"publish","type":"product","link":"https:\/\/kennedy-hygiene.com\/de\/produkt\/seatsan\/","title":{"rendered":"Seatsan"},"content":{"rendered":"<p>Seatsan  spendet viriziden\/bakteriziden Toilettensitz-Sanitizingschaum. Mit dem \u00e4u\u00dferst sparsamen Schaum, der 99,99 % aller auf Toilettensitzen vorkommenden Bakterien abt\u00f6tet, wird der Verbrauchsmittelprozentsatz um 30 % gegen\u00fcber einem vergleichbaren fl\u00fcssigen Sanitizer gesenkt. Dar\u00fcber hinaus entspricht das Verbrauchsmaterial den europ\u00e4ischen Standards in Bezug auf Bakterien und Pilze.<\/p>\n<p>Dank ihres Error Proof-Nachf\u00fcllsystems ist die Einheit servicefreundlich und durch die kontrollierte Abgabe des schnell trocknenden Schaums endverbraucherfreundlich. Der Seatsan  Sanitizing-Schaumspender f\u00fcr Toilettensitze ist in allen attraktiven Endausf\u00fchrungsvarianten von Kennedy lieferbar.<\/p>\n","protected":false},"excerpt":{"rendered":"<p>Sanitizing-Schaumspender f\u00fcr Toilettensitze<\/p>\n","protected":false},"featured_media":0,"comment_status":"closed","ping_status":"closed","template":"","meta":{"_acf_changed":false},"product_brand":[],"product_cat":[607,203],"product_tag":[],"class_list":{"0":"post-12335","1":"product","2":"type-product","3":"status-publish","5":"product_cat-desinfektionsmittel-fur-toilettensitze","6":"product_cat-desinfektionsmittel","7":"pa_finish-chrome-de","8":"pa_finish-obsidian-de","9":"pa_finish-satin-de","10":"pa_finish-silver-de","11":"pa_finish-white-de","13":"first","14":"instock","15":"product-type-variable","16":"has-default-attributes"},"acf":[],"_links":{"self":[{"href":"https:\/\/kennedy-hygiene.com\/de\/wp-json\/wp\/v2\/product\/12335","targetHints":{"allow":["GET"]}}],"collection":[{"href":"https:\/\/kennedy-hygiene.com\/de\/wp-json\/wp\/v2\/product"}],"about":[{"href":"https:\/\/kennedy-hygiene.com\/de\/wp-json\/wp\/v2\/types\/product"}],"replies":[{"embeddable":true,"href":"https:\/\/kennedy-hygiene.com\/de\/wp-json\/wp\/v2\/comments?post=12335"}],"wp:attachment":[{"href":"https:\/\/kennedy-hygiene.com\/de\/wp-json\/wp\/v2\/media?parent=12335"}],"wp:term":[{"taxonomy":"product_brand","embeddable":true,"href":"https:\/\/kennedy-hygiene.com\/de\/wp-json\/wp\/v2\/product_brand?post=12335"},{"taxonomy":"product_cat","embeddable":true,"href":"https:\/\/kennedy-hygiene.com\/de\/wp-json\/wp\/v2\/product_cat?post=12335"},{"taxonomy":"product_tag","embeddable":true,"href":"https:\/\/kennedy-hygiene.com\/de\/wp-json\/wp\/v2\/product_tag?post=12335"}],"curies":[{"name":"wp","href":"https:\/\/api.w.org\/{rel}","templated":true}]}}