{"id":12327,"date":"2025-07-21T15:09:18","date_gmt":"2025-07-21T15:09:18","guid":{"rendered":"https:\/\/khg.squareone.digital\/product\/spa\/"},"modified":"2025-07-21T15:19:33","modified_gmt":"2025-07-21T15:19:33","slug":"spa","status":"publish","type":"product","link":"https:\/\/kennedy-hygiene.com\/de\/produkt\/spa\/","title":{"rendered":"Spa"},"content":{"rendered":"<p>Spa  ist ein vollprogrammierbarer Aerosol-Lufterfrischer, der entwickelt wurde, um gleichzeitig die Bed\u00fcrfnisse der Serviceprofis und der Endverbraucher zu befriedigen. Die Einheit zeichnet sich durch unbegrenzte, individuelle Einstellungsm\u00f6glichkeiten von 7, 14, 20 und 30 Minuten, 12 oder 24 Stunden sowie 5 oder 7 Tagen aus, die optional verf\u00fcgbar sind.<\/p>\n<p>Details wie der breite, abgewinkelte und leicht ablesbare LCD-Bildschirm des Spa  und seine intuitive Software machen das Programmieren einfach und bequem; sein universelles Dosensortiment hilft beim Einsparen von Verbrauchsmaterial und damit von Kosten.<\/p>\n<p>Das Spa -Aerosol-Lufterfrischungssystem wird durch das Freedom in FragranceTM-Sortiment von Kennedy erg\u00e4nzt, das aus wirksamen Lufterfrischungsd\u00fcften mit EU-Zulassung besteht. Spa  wird mit 2 D-Cell-Batterien betrieben und ist in allen attraktiven Endausf\u00fchrungsvarianten von Kennedy lieferbar.<\/p>\n","protected":false},"excerpt":{"rendered":"<p>Vollprogrammierbarer Aerosol-Lufterfrischer<\/p>\n","protected":false},"featured_media":0,"comment_status":"closed","ping_status":"closed","template":"","meta":{"_acf_changed":false},"product_brand":[],"product_cat":[335,213],"product_tag":[],"class_list":{"0":"post-12327","1":"product","2":"type-product","3":"status-publish","5":"product_cat-programmierbare-lufterfrischer","6":"product_cat-lufterfrischer","7":"pa_finish-chrome-de","8":"pa_finish-obsidian-de","9":"pa_finish-satin-de","10":"pa_finish-silver-de","11":"pa_finish-white-de","13":"first","14":"instock","15":"product-type-variable","16":"has-default-attributes"},"acf":[],"_links":{"self":[{"href":"https:\/\/kennedy-hygiene.com\/de\/wp-json\/wp\/v2\/product\/12327","targetHints":{"allow":["GET"]}}],"collection":[{"href":"https:\/\/kennedy-hygiene.com\/de\/wp-json\/wp\/v2\/product"}],"about":[{"href":"https:\/\/kennedy-hygiene.com\/de\/wp-json\/wp\/v2\/types\/product"}],"replies":[{"embeddable":true,"href":"https:\/\/kennedy-hygiene.com\/de\/wp-json\/wp\/v2\/comments?post=12327"}],"wp:attachment":[{"href":"https:\/\/kennedy-hygiene.com\/de\/wp-json\/wp\/v2\/media?parent=12327"}],"wp:term":[{"taxonomy":"product_brand","embeddable":true,"href":"https:\/\/kennedy-hygiene.com\/de\/wp-json\/wp\/v2\/product_brand?post=12327"},{"taxonomy":"product_cat","embeddable":true,"href":"https:\/\/kennedy-hygiene.com\/de\/wp-json\/wp\/v2\/product_cat?post=12327"},{"taxonomy":"product_tag","embeddable":true,"href":"https:\/\/kennedy-hygiene.com\/de\/wp-json\/wp\/v2\/product_tag?post=12327"}],"curies":[{"name":"wp","href":"https:\/\/api.w.org\/{rel}","templated":true}]}}