{"id":12319,"date":"2025-07-21T15:09:07","date_gmt":"2025-07-21T15:09:07","guid":{"rendered":"https:\/\/khg.squareone.digital\/product\/airplus\/"},"modified":"2025-07-21T15:19:26","modified_gmt":"2025-07-21T15:19:26","slug":"airplus","status":"publish","type":"product","link":"https:\/\/kennedy-hygiene.com\/de\/produkt\/airplus\/","title":{"rendered":"Airplus"},"content":{"rendered":"<p>Airplus  ist eine einfache, batteriefreie, an der T\u00fcr montierte Lufterfrischerl\u00f6sung f\u00fcr Waschkabinen. Die Einheit mit maximaler Bedienerfreundlichkeit und einfacher Bef\u00fcllung und Aktivierung muss nicht programmiert werden.<\/p>\n<p>Die eingebaute Dochttechnologie erm\u00f6glicht die allm\u00e4hliche und konstante Freisetzung des Dufts \u00fcber den Zeitraum von 60 Tagen.<\/p>\n<p>Airplus  bietet ein Set aus 5 Kennedy-D\u00fcften, von frischen, k\u00fchlen Aromen bis hin zu fruchtigen und blumigen Noten.<\/p>\n","protected":false},"excerpt":{"rendered":"<p>60 Tage wirkendes, batteriefreies Lufterfrischer-System mit Docht<\/p>\n","protected":false},"featured_media":0,"comment_status":"closed","ping_status":"closed","template":"","meta":{"_acf_changed":false},"product_brand":[],"product_cat":[219,213],"product_tag":[],"class_list":{"0":"post-12319","1":"product","2":"type-product","3":"status-publish","5":"product_cat-lufterfrischer-ohne-aerosol","6":"product_cat-lufterfrischer","7":"pa_finish-chrome-de","8":"pa_finish-satin-de","9":"pa_finish-silver-de","10":"pa_finish-white-de","12":"first","13":"instock","14":"product-type-variable","15":"has-default-attributes"},"acf":[],"_links":{"self":[{"href":"https:\/\/kennedy-hygiene.com\/de\/wp-json\/wp\/v2\/product\/12319","targetHints":{"allow":["GET"]}}],"collection":[{"href":"https:\/\/kennedy-hygiene.com\/de\/wp-json\/wp\/v2\/product"}],"about":[{"href":"https:\/\/kennedy-hygiene.com\/de\/wp-json\/wp\/v2\/types\/product"}],"replies":[{"embeddable":true,"href":"https:\/\/kennedy-hygiene.com\/de\/wp-json\/wp\/v2\/comments?post=12319"}],"wp:attachment":[{"href":"https:\/\/kennedy-hygiene.com\/de\/wp-json\/wp\/v2\/media?parent=12319"}],"wp:term":[{"taxonomy":"product_brand","embeddable":true,"href":"https:\/\/kennedy-hygiene.com\/de\/wp-json\/wp\/v2\/product_brand?post=12319"},{"taxonomy":"product_cat","embeddable":true,"href":"https:\/\/kennedy-hygiene.com\/de\/wp-json\/wp\/v2\/product_cat?post=12319"},{"taxonomy":"product_tag","embeddable":true,"href":"https:\/\/kennedy-hygiene.com\/de\/wp-json\/wp\/v2\/product_tag?post=12319"}],"curies":[{"name":"wp","href":"https:\/\/api.w.org\/{rel}","templated":true}]}}