{"id":12311,"date":"2025-07-21T15:08:37","date_gmt":"2025-07-21T15:08:37","guid":{"rendered":"https:\/\/khg.squareone.digital\/product\/maxima\/"},"modified":"2025-07-21T15:19:21","modified_gmt":"2025-07-21T15:19:21","slug":"maxima","status":"publish","type":"product","link":"https:\/\/kennedy-hygiene.com\/de\/produkt\/maxima\/","title":{"rendered":"Maxima"},"content":{"rendered":"<p>Maxima , der Toilettenpapierspender mit Reserverolle, ist ideal f\u00fcr stark frequentierte Bereiche. Die Einheit ist f\u00fcr alle Toilettenpapierrollen mit einem Kerndurchmesser von 56-62 mm und einem Au\u00dfendurchmesser von bis zu 280 mm geeignet. Maxima  umfasst intelligente Servicemerkmale wie z. B. ein spezielles Schutzschild, das den Zugriff auf die neue Rolle automatisch verhindert, solange die Originalrolle nicht verbraucht ist. Dank dieser Vorrichtung werden bis zu 20 % Papier eingespart.<\/p>\n<p>Dar\u00fcber hinaus zeichnet sich der Maxima  durch Merkmale wie das praktische Kontrollfenster aus, das zeigt, wann nachgef\u00fcllt werden muss, sowie eine abnehmbare Abrollbremse, die die Verbrauchsmaterialkontrolle unterst\u00fctzt und Abfall reduziert.<\/p>\n","protected":false},"excerpt":{"rendered":"<p>Toilettenpapierspender mit Reserverolle<\/p>\n","protected":false},"featured_media":0,"comment_status":"closed","ping_status":"closed","template":"","meta":{"_acf_changed":false},"product_brand":[],"product_cat":[275,269],"product_tag":[],"class_list":{"0":"post-12311","1":"product","2":"type-product","3":"status-publish","5":"product_cat-jumbo-spender-fuer-toilettenpapierrollen","6":"product_cat-toilettenpapier","7":"pa_finish-chrome-de","8":"pa_finish-satin-de","9":"pa_finish-silver-de","10":"pa_finish-white-de","12":"first","13":"instock","14":"product-type-variable","15":"has-default-attributes"},"acf":[],"_links":{"self":[{"href":"https:\/\/kennedy-hygiene.com\/de\/wp-json\/wp\/v2\/product\/12311","targetHints":{"allow":["GET"]}}],"collection":[{"href":"https:\/\/kennedy-hygiene.com\/de\/wp-json\/wp\/v2\/product"}],"about":[{"href":"https:\/\/kennedy-hygiene.com\/de\/wp-json\/wp\/v2\/types\/product"}],"replies":[{"embeddable":true,"href":"https:\/\/kennedy-hygiene.com\/de\/wp-json\/wp\/v2\/comments?post=12311"}],"wp:attachment":[{"href":"https:\/\/kennedy-hygiene.com\/de\/wp-json\/wp\/v2\/media?parent=12311"}],"wp:term":[{"taxonomy":"product_brand","embeddable":true,"href":"https:\/\/kennedy-hygiene.com\/de\/wp-json\/wp\/v2\/product_brand?post=12311"},{"taxonomy":"product_cat","embeddable":true,"href":"https:\/\/kennedy-hygiene.com\/de\/wp-json\/wp\/v2\/product_cat?post=12311"},{"taxonomy":"product_tag","embeddable":true,"href":"https:\/\/kennedy-hygiene.com\/de\/wp-json\/wp\/v2\/product_tag?post=12311"}],"curies":[{"name":"wp","href":"https:\/\/api.w.org\/{rel}","templated":true}]}}