{"id":12303,"date":"2025-07-21T15:08:26","date_gmt":"2025-07-21T15:08:26","guid":{"rendered":"https:\/\/khg.squareone.digital\/product\/jumbo\/"},"modified":"2025-07-21T15:19:15","modified_gmt":"2025-07-21T15:19:15","slug":"jumbo","status":"publish","type":"product","link":"https:\/\/kennedy-hygiene.com\/de\/produkt\/jumbo\/","title":{"rendered":"Jumbo"},"content":{"rendered":"<p>Jumbo  ist ein Toilettenpapierspender, ideal f\u00fcr mittelstark frequentierte Umgebungen. Die Einheit ist f\u00fcr alle Rollen mit einem Kerndurchmesser von 56-62 mm und einem Au\u00dfendurchmesser von bis zu 280 mm geeignet. Er umfasst Merkmale wie ein praktisches Kontrollfenster, das den Service unterst\u00fctzt, sowie eine abnehmbare Abrollbremse zur Verbrauchsmaterialkontrolle und Abfallreduzierung.<\/p>\n<p>Jumbo  ist in allen attraktiven Endausf\u00fchrungsvarianten von Kennedy lieferbar, so dass er sich problemlos in Kennedys sonstiges Spendersortiment integriert.<\/p>\n","protected":false},"excerpt":{"rendered":"<p>Toilettenpapierspender<\/p>\n","protected":false},"featured_media":0,"comment_status":"closed","ping_status":"closed","template":"","meta":{"_acf_changed":false},"product_brand":[],"product_cat":[275,269],"product_tag":[],"class_list":{"0":"post-12303","1":"product","2":"type-product","3":"status-publish","5":"product_cat-jumbo-spender-fuer-toilettenpapierrollen","6":"product_cat-toilettenpapier","7":"pa_finish-silver-de","8":"pa_finish-white-de","9":"pa_finish-chrome-de","10":"pa_finish-obsidian-de","11":"pa_finish-satin-de","13":"first","14":"instock","15":"product-type-variable","16":"has-default-attributes"},"acf":[],"_links":{"self":[{"href":"https:\/\/kennedy-hygiene.com\/de\/wp-json\/wp\/v2\/product\/12303","targetHints":{"allow":["GET"]}}],"collection":[{"href":"https:\/\/kennedy-hygiene.com\/de\/wp-json\/wp\/v2\/product"}],"about":[{"href":"https:\/\/kennedy-hygiene.com\/de\/wp-json\/wp\/v2\/types\/product"}],"replies":[{"embeddable":true,"href":"https:\/\/kennedy-hygiene.com\/de\/wp-json\/wp\/v2\/comments?post=12303"}],"wp:attachment":[{"href":"https:\/\/kennedy-hygiene.com\/de\/wp-json\/wp\/v2\/media?parent=12303"}],"wp:term":[{"taxonomy":"product_brand","embeddable":true,"href":"https:\/\/kennedy-hygiene.com\/de\/wp-json\/wp\/v2\/product_brand?post=12303"},{"taxonomy":"product_cat","embeddable":true,"href":"https:\/\/kennedy-hygiene.com\/de\/wp-json\/wp\/v2\/product_cat?post=12303"},{"taxonomy":"product_tag","embeddable":true,"href":"https:\/\/kennedy-hygiene.com\/de\/wp-json\/wp\/v2\/product_tag?post=12303"}],"curies":[{"name":"wp","href":"https:\/\/api.w.org\/{rel}","templated":true}]}}