{"id":12295,"date":"2025-07-21T15:08:14","date_gmt":"2025-07-21T15:08:14","guid":{"rendered":"https:\/\/khg.squareone.digital\/product\/sigma\/"},"modified":"2025-07-21T15:19:08","modified_gmt":"2025-07-21T15:19:08","slug":"sigma","status":"publish","type":"product","link":"https:\/\/kennedy-hygiene.com\/de\/produkt\/sigma\/","title":{"rendered":"Sigma"},"content":{"rendered":"<p>Der Toilettenpapierspender Sigma  mit zwei Rollen gew\u00e4hrleistet eine ununterbrochene Papierversorgung und bietet viel Papiervorrat in einer kompakten Einheit. Sigma  ist ideal f\u00fcr wenig bis mittelstark frequentierte Bereiche und f\u00fcr alle Toilettenpapierrollen mit einem Kerndurchmesser von 28 und 45 mm und einem Au\u00dfendurchmesser von bis zu 140 mm geeignet. Die Einheit umfasst intelligente Servicemerkmale wie den speziellen Schutzschild, der den Zugriff auf die neue Rolle automatisch verhindert, solange die Originalrolle nicht verbraucht ist, wodurch der Papierverbrauch reduziert wird.<\/p>\n<p>Dar\u00fcber hinaus bietet Sigma  ein praktisches Kontrollfenster, das zeigt, wann nachgef\u00fcllt werden muss, und eine abnehmbare Abrollbremse, die die Verbrauchsmaterialkontrolle unterst\u00fctzt und Abfall reduziert.<\/p>\n","protected":false},"excerpt":{"rendered":"<p>Toilettenpapierspender mit zwei Rollen<\/p>\n","protected":false},"featured_media":0,"comment_status":"closed","ping_status":"closed","template":"","meta":{"_acf_changed":false},"product_brand":[],"product_cat":[323,269],"product_tag":[],"class_list":{"0":"post-12295","1":"product","2":"type-product","3":"status-publish","5":"product_cat-toilettenpapierspender-mit-zwei-rollen","6":"product_cat-toilettenpapier","7":"pa_finish-chrome-de","8":"pa_finish-obsidian-de","9":"pa_finish-silver-de","10":"pa_finish-white-de","12":"first","13":"instock","14":"product-type-variable","15":"has-default-attributes"},"acf":[],"_links":{"self":[{"href":"https:\/\/kennedy-hygiene.com\/de\/wp-json\/wp\/v2\/product\/12295","targetHints":{"allow":["GET"]}}],"collection":[{"href":"https:\/\/kennedy-hygiene.com\/de\/wp-json\/wp\/v2\/product"}],"about":[{"href":"https:\/\/kennedy-hygiene.com\/de\/wp-json\/wp\/v2\/types\/product"}],"replies":[{"embeddable":true,"href":"https:\/\/kennedy-hygiene.com\/de\/wp-json\/wp\/v2\/comments?post=12295"}],"wp:attachment":[{"href":"https:\/\/kennedy-hygiene.com\/de\/wp-json\/wp\/v2\/media?parent=12295"}],"wp:term":[{"taxonomy":"product_brand","embeddable":true,"href":"https:\/\/kennedy-hygiene.com\/de\/wp-json\/wp\/v2\/product_brand?post=12295"},{"taxonomy":"product_cat","embeddable":true,"href":"https:\/\/kennedy-hygiene.com\/de\/wp-json\/wp\/v2\/product_cat?post=12295"},{"taxonomy":"product_tag","embeddable":true,"href":"https:\/\/kennedy-hygiene.com\/de\/wp-json\/wp\/v2\/product_tag?post=12295"}],"curies":[{"name":"wp","href":"https:\/\/api.w.org\/{rel}","templated":true}]}}