{"id":12287,"date":"2025-07-21T15:07:49","date_gmt":"2025-07-21T15:07:49","guid":{"rendered":"https:\/\/khg.squareone.digital\/product\/savona-wopa\/"},"modified":"2025-07-21T15:19:01","modified_gmt":"2025-07-21T15:19:01","slug":"savona-wopa","status":"publish","type":"product","link":"https:\/\/kennedy-hygiene.com\/de\/produkt\/savona-wopa\/","title":{"rendered":"Savona Wopa"},"content":{"rendered":"<p>Savona Wopa ist der Seifenspender von Kennedy mit gro\u00dfem Fassungsverm\u00f6gen. Dieser 2,5-Liter-Seifenspender ist in beiden Versionen &#8211; Patrone und Direkteinf\u00fcllung &#8211; lieferbar und f\u00fcr alle Handwaschbereiche geeignet. Er ist robust, zuverl\u00e4ssig und aufgrund von Merkmalen wie der transparenten Scharnier-Kontrollhaube besonders servicefreundlich. Dar\u00fcber hinaus wurde der Spender im Interesse einer Kostenkontrolle auch f\u00fcr kleine Dosisraten entwickelt.<\/p>\n<p>Savona Wopa zeichnet sich durch sein klassisch-gef\u00e4lliges Design aus, das sowohl in Standard- als auch \u00e4u\u00dferst anspruchsvolle Umgebungen passt. Er ist mit einer ganzen Reihe von Verbrauchsmaterialien f\u00fcr kommerzielle und gewerbliche Anwendungen lieferbar.<\/p>\n<p>&nbsp;<\/p>\n","protected":false},"excerpt":{"rendered":"<p>Seifenspender mit gro\u00dfem Fassungsverm\u00f6gen<\/p>\n","protected":false},"featured_media":0,"comment_status":"closed","ping_status":"closed","template":"","meta":{"_acf_changed":false},"product_brand":[],"product_cat":[291,249],"product_tag":[],"class_list":{"0":"post-12287","1":"product","2":"type-product","3":"status-publish","5":"product_cat-fluessigseifenspender","6":"product_cat-haendewaschen","7":"pa_finish-white-de","9":"first","10":"instock","11":"product-type-variable","12":"has-default-attributes"},"acf":[],"_links":{"self":[{"href":"https:\/\/kennedy-hygiene.com\/de\/wp-json\/wp\/v2\/product\/12287","targetHints":{"allow":["GET"]}}],"collection":[{"href":"https:\/\/kennedy-hygiene.com\/de\/wp-json\/wp\/v2\/product"}],"about":[{"href":"https:\/\/kennedy-hygiene.com\/de\/wp-json\/wp\/v2\/types\/product"}],"replies":[{"embeddable":true,"href":"https:\/\/kennedy-hygiene.com\/de\/wp-json\/wp\/v2\/comments?post=12287"}],"wp:attachment":[{"href":"https:\/\/kennedy-hygiene.com\/de\/wp-json\/wp\/v2\/media?parent=12287"}],"wp:term":[{"taxonomy":"product_brand","embeddable":true,"href":"https:\/\/kennedy-hygiene.com\/de\/wp-json\/wp\/v2\/product_brand?post=12287"},{"taxonomy":"product_cat","embeddable":true,"href":"https:\/\/kennedy-hygiene.com\/de\/wp-json\/wp\/v2\/product_cat?post=12287"},{"taxonomy":"product_tag","embeddable":true,"href":"https:\/\/kennedy-hygiene.com\/de\/wp-json\/wp\/v2\/product_tag?post=12287"}],"curies":[{"name":"wp","href":"https:\/\/api.w.org\/{rel}","templated":true}]}}