{"id":12039,"date":"2025-07-21T14:41:43","date_gmt":"2025-07-21T14:41:43","guid":{"rendered":"https:\/\/khg.squareone.digital\/product\/savona-auto\/"},"modified":"2025-07-21T14:50:22","modified_gmt":"2025-07-21T14:50:22","slug":"savona-auto","status":"publish","type":"product","link":"https:\/\/kennedy-hygiene.com\/de\/produkt\/savona-auto\/","title":{"rendered":"Savona  Auto"},"content":{"rendered":"<p>Das Savona  Auto-Spendersortiment stellt eine ultrahygienische L\u00f6sung f\u00fcr das H\u00e4ndewaschen bereit. Dieser automatische Seifenspender mit seiner ber\u00fchrungslosen Infrarot-Technologie und schnellen Dosis-Bereitstellung geh\u00f6rt zu den benutzerfreundlichsten Seifenspendern seiner Art.<\/p>\n<p>Das Savona  Auto-Sortiment umfasst zwei Versionen \u2013 einen Schaum- und einen Fl\u00fcssigseifenspender.\u00a0Dieser servicefreundliche 1-Liter Fl\u00fcssigseifenspender ist in beiden Versionen \u2013 Patrone und Direkteinf\u00fcllung \u2013 lieferbar. Er ist robust und zuverl\u00e4ssig; wichtige Merkmale gew\u00e4hrleisten sowohl Service als auch Hygiene.<\/p>\n<p>Dank seines \u00e4u\u00dferst energieeffizienten elektronischen Moduls spendet dieser Seifenspender mit lediglich 2 individuellen D-Cell-Batterien bis zu\u00a0 96 Flaschen Fl\u00fcssigseife \u00e0 1 Liter pro Batterieladung, so dass Ihre Betriebskosten au\u00dferordentlich niedrig bleiben.<\/p>\n<p>Die Spender sind mit einer Auswahl kundenspezifischer Eins\u00e4tze bzw. in den attraktiven Endausf\u00fchrungsvarianten von Kennedy lieferbar.<\/p>\n","protected":false},"excerpt":{"rendered":"<p>Elektronischer ber\u00fchrungsloser automatischer Seifenspender<\/p>\n","protected":false},"featured_media":0,"comment_status":"closed","ping_status":"closed","template":"","meta":{"_acf_changed":false},"product_brand":[],"product_cat":[291,249],"product_tag":[],"class_list":{"0":"post-12039","1":"product","2":"type-product","3":"status-publish","5":"product_cat-fluessigseifenspender","6":"product_cat-haendewaschen","7":"pa_finish-white-de","8":"pa_finish-chrome-de","9":"pa_finish-satin-de","10":"pa_finish-silver-de","12":"first","13":"instock","14":"product-type-variable","15":"has-default-attributes"},"acf":[],"_links":{"self":[{"href":"https:\/\/kennedy-hygiene.com\/de\/wp-json\/wp\/v2\/product\/12039","targetHints":{"allow":["GET"]}}],"collection":[{"href":"https:\/\/kennedy-hygiene.com\/de\/wp-json\/wp\/v2\/product"}],"about":[{"href":"https:\/\/kennedy-hygiene.com\/de\/wp-json\/wp\/v2\/types\/product"}],"replies":[{"embeddable":true,"href":"https:\/\/kennedy-hygiene.com\/de\/wp-json\/wp\/v2\/comments?post=12039"}],"wp:attachment":[{"href":"https:\/\/kennedy-hygiene.com\/de\/wp-json\/wp\/v2\/media?parent=12039"}],"wp:term":[{"taxonomy":"product_brand","embeddable":true,"href":"https:\/\/kennedy-hygiene.com\/de\/wp-json\/wp\/v2\/product_brand?post=12039"},{"taxonomy":"product_cat","embeddable":true,"href":"https:\/\/kennedy-hygiene.com\/de\/wp-json\/wp\/v2\/product_cat?post=12039"},{"taxonomy":"product_tag","embeddable":true,"href":"https:\/\/kennedy-hygiene.com\/de\/wp-json\/wp\/v2\/product_tag?post=12039"}],"curies":[{"name":"wp","href":"https:\/\/api.w.org\/{rel}","templated":true}]}}