{"id":12033,"date":"2025-07-21T14:41:09","date_gmt":"2025-07-21T14:41:09","guid":{"rendered":"https:\/\/khg.squareone.digital\/product\/savona-schaum-seifen-spender\/"},"modified":"2025-07-21T14:50:19","modified_gmt":"2025-07-21T14:50:19","slug":"savona-schaum-seifen-spender","status":"publish","type":"product","link":"https:\/\/kennedy-hygiene.com\/de\/produkt\/savona-schaum-seifen-spender\/","title":{"rendered":"Savona  Schaum seifen spender"},"content":{"rendered":"<p>Der Savona  Schaumseifenspender liefert mit nur einer Dosis ein gro\u00dfes Schaumvolumen und ist daher eine \u00e4u\u00dferst sparsame Option zum H\u00e4ndewaschen. Der Spender, der f\u00fcr alle Handwaschumgebungen entwickelt wurde, hat eine gro\u00dfe 800 ml\/2000-Dosen-Patrone und vereinigt viele servicefreundliche Merkmale.<\/p>\n<p>Wie sein Name schon sagt, wurde dieser Seifenspender entwickelt, um ausschlie\u00dflich Schaumseife abzugeben. Er ist in allen attraktiven Endausf\u00fchrungsvarianten von Kennedy lieferbar.<\/p>\n","protected":false},"excerpt":{"rendered":"<p>\u00c4u\u00dferst sparsamer Dosier-Schaumseifenspender<\/p>\n","protected":false},"featured_media":0,"comment_status":"closed","ping_status":"open","template":"","meta":{"_acf_changed":false},"product_brand":[],"product_cat":[249,305],"product_tag":[],"class_list":{"0":"post-12033","1":"product","2":"type-product","3":"status-publish","5":"product_cat-haendewaschen","6":"product_cat-schaumseifenspender","7":"pa_finish-obsidian-de","8":"pa_finish-satin-de","9":"pa_finish-silver-de","10":"pa_finish-white-de","11":"pa_finish-chrome-de","13":"first","14":"instock","15":"product-type-variable","16":"has-default-attributes"},"acf":[],"_links":{"self":[{"href":"https:\/\/kennedy-hygiene.com\/de\/wp-json\/wp\/v2\/product\/12033","targetHints":{"allow":["GET"]}}],"collection":[{"href":"https:\/\/kennedy-hygiene.com\/de\/wp-json\/wp\/v2\/product"}],"about":[{"href":"https:\/\/kennedy-hygiene.com\/de\/wp-json\/wp\/v2\/types\/product"}],"replies":[{"embeddable":true,"href":"https:\/\/kennedy-hygiene.com\/de\/wp-json\/wp\/v2\/comments?post=12033"}],"wp:attachment":[{"href":"https:\/\/kennedy-hygiene.com\/de\/wp-json\/wp\/v2\/media?parent=12033"}],"wp:term":[{"taxonomy":"product_brand","embeddable":true,"href":"https:\/\/kennedy-hygiene.com\/de\/wp-json\/wp\/v2\/product_brand?post=12033"},{"taxonomy":"product_cat","embeddable":true,"href":"https:\/\/kennedy-hygiene.com\/de\/wp-json\/wp\/v2\/product_cat?post=12033"},{"taxonomy":"product_tag","embeddable":true,"href":"https:\/\/kennedy-hygiene.com\/de\/wp-json\/wp\/v2\/product_tag?post=12033"}],"curies":[{"name":"wp","href":"https:\/\/api.w.org\/{rel}","templated":true}]}}